{"id":1512,"date":"2023-02-13T12:29:13","date_gmt":"2023-02-13T11:29:13","guid":{"rendered":"https:\/\/www.sergiosanchezosteo.com\/blog\/"},"modified":"2023-03-23T17:11:17","modified_gmt":"2023-03-23T16:11:17","slug":"blog","status":"publish","type":"page","link":"https:\/\/www.sergiosanchezosteo.com\/fr\/blog\/","title":{"rendered":"Blog"},"content":{"rendered":"<p>[et_pb_section fb_built=\u00a0\u00bb1&Prime; admin_label=\u00a0\u00bbCabecera\u00a0\u00bb _builder_version=\u00a0\u00bb4.19.5&Prime; background_enable_color=\u00a0\u00bboff\u00a0\u00bb background_enable_image=\u00a0\u00bboff\u00a0\u00bb background_size=\u00a0\u00bbinitial\u00a0\u00bb background_repeat=\u00a0\u00bbrepeat-y\u00a0\u00bb custom_padding=\u00a0\u00bb||80px|||\u00a0\u00bb locked=\u00a0\u00bboff\u00a0\u00bb global_colors_info=\u00a0\u00bb{}\u00a0\u00bb][et_pb_row column_structure=\u00a0\u00bb1_2,1_2&Prime; _builder_version=\u00a0\u00bb4.16&Prime; custom_padding=\u00a0\u00bb0px||0px||true|false\u00a0\u00bb locked=\u00a0\u00bboff\u00a0\u00bb global_colors_info=\u00a0\u00bb{}\u00a0\u00bb][et_pb_column type=\u00a0\u00bb1_2&Prime; _builder_version=\u00a0\u00bb4.16&Prime; z_index=\u00a0\u00bb10&Prime; custom_padding=\u00a0\u00bb30px||||false|false\u00a0\u00bb custom_padding_tablet=\u00a0\u00bb0px||||false|false\u00a0\u00bb custom_padding_phone=\u00a0\u00bb\u00a0\u00bb custom_padding_last_edited=\u00a0\u00bbon|tablet\u00a0\u00bb global_colors_info=\u00a0\u00bb{}\u00a0\u00bb][et_pb_text _builder_version=\u00a0\u00bb4.20.0&Prime; text_font_size=\u00a0\u00bb24px\u00a0\u00bb text_line_height=\u00a0\u00bb2em\u00a0\u00bb header_font=\u00a0\u00bbDomine||||||||\u00a0\u00bb header_font_size=\u00a0\u00bb70px\u00a0\u00bb header_line_height=\u00a0\u00bb1.3em\u00a0\u00bb animation_style=\u00a0\u00bbslide\u00a0\u00bb animation_direction=\u00a0\u00bbright\u00a0\u00bb animation_intensity_slide=\u00a0\u00bb5%\u00a0\u00bb text_font_size_tablet=\u00a0\u00bb18px\u00a0\u00bb text_font_size_phone=\u00a0\u00bb16px\u00a0\u00bb text_font_size_last_edited=\u00a0\u00bbon|phone\u00a0\u00bb header_font_size_tablet=\u00a0\u00bb48px\u00a0\u00bb header_font_size_phone=\u00a0\u00bb38px\u00a0\u00bb header_font_size_last_edited=\u00a0\u00bbon|phone\u00a0\u00bb locked=\u00a0\u00bboff\u00a0\u00bb global_colors_info=\u00a0\u00bb{}\u00a0\u00bb]<\/p>\n<h1>Blog<\/h1>\n<p>[\/et_pb_text][\/et_pb_column][et_pb_column type=\u00a0\u00bb1_2&Prime; _builder_version=\u00a0\u00bb4.16&Prime; global_colors_info=\u00a0\u00bb{}\u00a0\u00bb][\/et_pb_column][\/et_pb_row][et_pb_row _builder_version=\u00a0\u00bb4.19.5&Prime; _module_preset=\u00a0\u00bbdefault\u00a0\u00bb global_colors_info=\u00a0\u00bb{}\u00a0\u00bb][et_pb_column type=\u00a0\u00bb4_4&Prime; _builder_version=\u00a0\u00bb4.19.5&Prime; _module_preset=\u00a0\u00bbdefault\u00a0\u00bb global_colors_info=\u00a0\u00bb{}\u00a0\u00bb][et_pb_text _builder_version=\u00a0\u00bb4.20.2&Prime; header_2_font=\u00a0\u00bbDomine||||||||\u00a0\u00bb header_2_font_size=\u00a0\u00bb60px\u00a0\u00bb header_2_line_height=\u00a0\u00bb1.3em\u00a0\u00bb custom_margin=\u00a0\u00bb-28px||2px|||\u00a0\u00bb animation_style=\u00a0\u00bbslide\u00a0\u00bb animation_direction=\u00a0\u00bbleft\u00a0\u00bb animation_intensity_slide=\u00a0\u00bb5%\u00a0\u00bb header_2_font_size_tablet=\u00a0\u00bb45px\u00a0\u00bb header_2_font_size_phone=\u00a0\u00bb35px\u00a0\u00bb header_2_font_size_last_edited=\u00a0\u00bbon|desktop\u00a0\u00bb text_orientation_tablet=\u00a0\u00bbleft\u00a0\u00bb text_orientation_phone=\u00a0\u00bb\u00a0\u00bb text_orientation_last_edited=\u00a0\u00bbon|phone\u00a0\u00bb locked=\u00a0\u00bboff\u00a0\u00bb global_colors_info=\u00a0\u00bb{}\u00a0\u00bb]<\/p>\n<h2>Bienvenue sur mon blog d&rsquo;ost\u00e9opathie<\/h2>\n<p>[\/et_pb_text][et_pb_text _builder_version=\u00a0\u00bb4.20.2&Prime; _module_preset=\u00a0\u00bbdefault\u00a0\u00bb custom_margin=\u00a0\u00bb||59px|||\u00a0\u00bb animation_style=\u00a0\u00bbfade\u00a0\u00bb global_colors_info=\u00a0\u00bb{}\u00a0\u00bb]<\/p>\n<p>Un espace pour exprimer et partager avec les lecteurs ma fa\u00e7on de vivre l&rsquo;ost\u00e9opathie.<br \/>Je pense que cela fait partie de notre travail d&rsquo;ost\u00e9opathes de rapprocher l&rsquo;ost\u00e9opathie des gens et vice versa, en fournissant des informations pr\u00e9cieuses sur ce qu&rsquo;elle est et ce qu&rsquo;elle n&rsquo;est pas.<br \/>Et avec cette libert\u00e9 que le fait d&rsquo;\u00eatre bien inform\u00e9 donne \u00e0 chacun, d&rsquo;avoir une meilleure capacit\u00e9 \u00e0 d\u00e9cider ce qui est le mieux pour lui-m\u00eame.<\/p>\n<p>[\/et_pb_text][et_pb_blog fullwidth=\u00a0\u00bboff\u00a0\u00bb include_categories=\u00a0\u00bball\u00a0\u00bb meta_date=\u00a0\u00bbj M Y\u00a0\u00bb _builder_version=\u00a0\u00bb4.20.2&Prime; _module_preset=\u00a0\u00bbdefault\u00a0\u00bb child_filter_saturate=\u00a0\u00bb0%\u00a0\u00bb animation_style=\u00a0\u00bbslide\u00a0\u00bb animation_direction=\u00a0\u00bbbottom\u00a0\u00bb animation_intensity_slide=\u00a0\u00bb5%\u00a0\u00bb hover_enabled=\u00a0\u00bb0&Prime; border_width_all=\u00a0\u00bb0px\u00a0\u00bb border_width_all_image=\u00a0\u00bb10px\u00a0\u00bb border_color_all_image=\u00a0\u00bb#FFFFFF\u00a0\u00bb box_shadow_style_image=\u00a0\u00bbpreset1&Prime; global_colors_info=\u00a0\u00bb{}\u00a0\u00bb show_author=\u00a0\u00bboff\u00a0\u00bb sticky_enabled=\u00a0\u00bb0&Prime;][\/et_pb_blog][\/et_pb_column][\/et_pb_row][\/et_pb_section][et_pb_section fb_built=\u00a0\u00bb1&Prime; admin_label=\u00a0\u00bbFooter\u00a0\u00bb _builder_version=\u00a0\u00bb4.19.5&Prime; background_enable_color=\u00a0\u00bboff\u00a0\u00bb use_background_color_gradient=\u00a0\u00bbon\u00a0\u00bb background_color_gradient_stops=\u00a0\u00bb#ffffff 0%|rgba(0,0,0,0.25) 100%\u00a0\u00bb background_color_gradient_overlays_image=\u00a0\u00bbon\u00a0\u00bb background_image=\u00a0\u00bbhttps:\/\/www.sergiosanchezosteo.com\/wp-content\/uploads\/2023\/02\/fondo_footer_03.jpg\u00a0\u00bb parallax=\u00a0\u00bbon\u00a0\u00bb custom_padding=\u00a0\u00bb11px||138px||false|false\u00a0\u00bb bottom_divider_style=\u00a0\u00bbwave2&Prime; bottom_divider_color=\u00a0\u00bb#000000&Prime; global_module=\u00a0\u00bb1720&Prime; saved_tabs=\u00a0\u00bball\u00a0\u00bb locked=\u00a0\u00bboff\u00a0\u00bb collapsed=\u00a0\u00bboff\u00a0\u00bb global_colors_info=\u00a0\u00bb{}\u00a0\u00bb][et_pb_row column_structure=\u00a0\u00bb1_2,1_2&Prime; _builder_version=\u00a0\u00bb4.20.0&Prime; global_colors_info=\u00a0\u00bb{}\u00a0\u00bb][et_pb_column type=\u00a0\u00bb1_2&Prime; _builder_version=\u00a0\u00bb4.20.0&Prime; animation_style=\u00a0\u00bbbounce\u00a0\u00bb global_colors_info=\u00a0\u00bb{}\u00a0\u00bb][et_pb_text admin_label=\u00a0\u00bbTexto\u00a0\u00bb _builder_version=\u00a0\u00bb4.19.5&Prime; text_text_color=\u00a0\u00bbrgba(255,255,255,0.7)\u00a0\u00bb text_line_height=\u00a0\u00bb2em\u00a0\u00bb header_6_font=\u00a0\u00bbDomine|700|||||||\u00a0\u00bb header_6_text_color=\u00a0\u00bb#333333&Prime; header_6_font_size=\u00a0\u00bb18px\u00a0\u00bb header_6_line_height=\u00a0\u00bb2em\u00a0\u00bb background_layout=\u00a0\u00bbdark\u00a0\u00bb custom_margin=\u00a0\u00bb||0px||false|false\u00a0\u00bb locked=\u00a0\u00bboff\u00a0\u00bb global_colors_info=\u00a0\u00bb{}\u00a0\u00bb]<\/p>\n<h6>Suivez-nous<\/h6>\n<p>[\/et_pb_text][et_pb_social_media_follow icon_color=\u00a0\u00bb#FFFFFF\u00a0\u00bb use_icon_font_size=\u00a0\u00bbon\u00a0\u00bb icon_font_size_tablet=\u00a0\u00bb25px\u00a0\u00bb icon_font_size_phone=\u00a0\u00bb20px\u00a0\u00bb icon_font_size_last_edited=\u00a0\u00bboff|desktop\u00a0\u00bb _builder_version=\u00a0\u00bb4.19.5&Prime; background_enable_color=\u00a0\u00bboff\u00a0\u00bb border_radii=\u00a0\u00bbon|100px|100px|100px|100px\u00a0\u00bb global_colors_info=\u00a0\u00bb{}\u00a0\u00bb][et_pb_social_media_follow_network social_network=\u00a0\u00bbfacebook\u00a0\u00bb url=\u00a0\u00bbhttps:\/\/www.facebook.com\/osteopatiasergiosanchez\u00a0\u00bb _builder_version=\u00a0\u00bb4.19.5&Prime; background_color=\u00a0\u00bb#00c6a8&Prime; background_enable_color=\u00a0\u00bbon\u00a0\u00bb custom_margin=\u00a0\u00bb|4px||4px|false|true\u00a0\u00bb custom_padding=\u00a0\u00bb10px|10px|10px|10px|true|true\u00a0\u00bb global_colors_info=\u00a0\u00bb{}\u00a0\u00bb follow_button=\u00a0\u00bboff\u00a0\u00bb url_new_window=\u00a0\u00bbon\u00a0\u00bb]facebook[\/et_pb_social_media_follow_network][et_pb_social_media_follow_network social_network=\u00a0\u00bbinstagram\u00a0\u00bb url=\u00a0\u00bbhttps:\/\/www.instagram.com\/sergiosanchez.osteopata\/\u00a0\u00bb _builder_version=\u00a0\u00bb4.19.5&Prime; background_color=\u00a0\u00bb#00c6a8&Prime; background_enable_color=\u00a0\u00bbon\u00a0\u00bb custom_margin=\u00a0\u00bb|4px||4px|false|true\u00a0\u00bb custom_padding=\u00a0\u00bb10px|10px|10px|10px|true|true\u00a0\u00bb global_colors_info=\u00a0\u00bb{}\u00a0\u00bb follow_button=\u00a0\u00bboff\u00a0\u00bb url_new_window=\u00a0\u00bbon\u00a0\u00bb]instagram[\/et_pb_social_media_follow_network][\/et_pb_social_media_follow][\/et_pb_column][et_pb_column type=\u00a0\u00bb1_2&Prime; _builder_version=\u00a0\u00bb4.16&Prime; global_colors_info=\u00a0\u00bb{}\u00a0\u00bb][\/et_pb_column][\/et_pb_row][et_pb_row column_structure=\u00a0\u00bb1_4,1_4,1_2&Prime; _builder_version=\u00a0\u00bb4.20.0&Prime; animation_style=\u00a0\u00bbslide\u00a0\u00bb animation_direction=\u00a0\u00bbbottom\u00a0\u00bb animation_intensity_slide=\u00a0\u00bb5%\u00a0\u00bb global_colors_info=\u00a0\u00bb{}\u00a0\u00bb][et_pb_column type=\u00a0\u00bb1_4&Prime; _builder_version=\u00a0\u00bb4.16&Prime; global_colors_info=\u00a0\u00bb{}\u00a0\u00bb][et_pb_text _builder_version=\u00a0\u00bb4.20.0&Prime; text_text_color=\u00a0\u00bb#333333&Prime; text_line_height=\u00a0\u00bb2em\u00a0\u00bb header_6_font=\u00a0\u00bbDomine|700|||||||\u00a0\u00bb header_6_text_color=\u00a0\u00bb#333333&Prime; header_6_font_size=\u00a0\u00bb18px\u00a0\u00bb header_6_line_height=\u00a0\u00bb2em\u00a0\u00bb background_layout=\u00a0\u00bbdark\u00a0\u00bb locked=\u00a0\u00bboff\u00a0\u00bb global_colors_info=\u00a0\u00bb{}\u00a0\u00bb]<\/p>\n<h6>Horaire d&rsquo;ouverture<\/h6>\n<p>Du lundi au vendredi<br \/>de 10h00 \u00e0 20h00<br \/>Samedi<br \/>de 10h00 \u00e0 20h00<br \/>Dimanche ferm\u00e9<\/p>\n<p>[\/et_pb_text][et_pb_text _builder_version=\u00a0\u00bb4.19.5&Prime; text_text_color=\u00a0\u00bb#333333&Prime; text_line_height=\u00a0\u00bb2em\u00a0\u00bb link_text_color=\u00a0\u00bb#333333&Prime; header_6_font=\u00a0\u00bbDomine|700|||||||\u00a0\u00bb header_6_text_color=\u00a0\u00bb#333333&Prime; header_6_font_size=\u00a0\u00bb18px\u00a0\u00bb header_6_line_height=\u00a0\u00bb2em\u00a0\u00bb background_layout=\u00a0\u00bbdark\u00a0\u00bb locked=\u00a0\u00bboff\u00a0\u00bb global_colors_info=\u00a0\u00bb{}\u00a0\u00bb]<\/p>\n<h6>T\u00e9l\u00e9phone<\/h6>\n<p><a href=\"tel:+34658059817\">+34 658 05 98 17<\/a><\/p>\n<p>[\/et_pb_text][\/et_pb_column][et_pb_column type=\u00a0\u00bb1_4&Prime; _builder_version=\u00a0\u00bb4.16&Prime; global_colors_info=\u00a0\u00bb{}\u00a0\u00bb][et_pb_text _builder_version=\u00a0\u00bb4.20.0&Prime; text_text_color=\u00a0\u00bb#333333&Prime; text_line_height=\u00a0\u00bb2em\u00a0\u00bb header_6_font=\u00a0\u00bbDomine|700|||||||\u00a0\u00bb header_6_text_color=\u00a0\u00bb#333333&Prime; header_6_font_size=\u00a0\u00bb18px\u00a0\u00bb header_6_line_height=\u00a0\u00bb2em\u00a0\u00bb background_layout=\u00a0\u00bbdark\u00a0\u00bb locked=\u00a0\u00bboff\u00a0\u00bb global_colors_info=\u00a0\u00bb{}\u00a0\u00bb]<\/p>\n<h6>Adresse<\/h6>\n<p><strong>Sitges<\/strong><br \/>C\/ Pau Benazet 6, 1\u00b0 2\u00aa<\/p>\n<p>[\/et_pb_text][et_pb_text _builder_version=\u00a0\u00bb4.19.5&Prime; text_text_color=\u00a0\u00bb#333333&Prime; text_line_height=\u00a0\u00bb2em\u00a0\u00bb link_text_color=\u00a0\u00bb#333333&Prime; header_6_font=\u00a0\u00bbDomine|700|||||||\u00a0\u00bb header_6_text_color=\u00a0\u00bb#333333&Prime; header_6_font_size=\u00a0\u00bb18px\u00a0\u00bb header_6_line_height=\u00a0\u00bb2em\u00a0\u00bb background_layout=\u00a0\u00bbdark\u00a0\u00bb locked=\u00a0\u00bboff\u00a0\u00bb global_colors_info=\u00a0\u00bb{}\u00a0\u00bb]<\/p>\n<h6>E-mail<\/h6>\n<p><a href=\"mailto:info@sergiosanchezosteo.com\">info@sergiosanchezosteo.com<\/a><\/p>\n<p>[\/et_pb_text][\/et_pb_column][et_pb_column type=\u00a0\u00bb1_2&Prime; _builder_version=\u00a0\u00bb4.19.5&Prime; custom_padding=\u00a0\u00bb|||50px|false|false\u00a0\u00bb border_width_left=\u00a0\u00bb1px\u00a0\u00bb border_color_left=\u00a0\u00bb#000000&Prime; global_colors_info=\u00a0\u00bb{}\u00a0\u00bb][et_pb_text _builder_version=\u00a0\u00bb4.19.5&Prime; text_text_color=\u00a0\u00bb#333333&Prime; text_line_height=\u00a0\u00bb2em\u00a0\u00bb header_6_font=\u00a0\u00bbDomine|700|||||||\u00a0\u00bb header_6_text_color=\u00a0\u00bb#333333&Prime; header_6_font_size=\u00a0\u00bb18px\u00a0\u00bb header_6_line_height=\u00a0\u00bb2em\u00a0\u00bb background_layout=\u00a0\u00bbdark\u00a0\u00bb custom_margin=\u00a0\u00bb||||false|false\u00a0\u00bb locked=\u00a0\u00bboff\u00a0\u00bb global_colors_info=\u00a0\u00bb{}\u00a0\u00bb]<\/p>\n<h6>Contactez-moi pour prendre rendez-vous:<\/h6>\n<p>[\/et_pb_text][et_pb_code admin_label=\u00a0\u00bbFormer\u00a0\u00bb _builder_version=\u00a0\u00bb4.20.0&Prime; _module_preset=\u00a0\u00bbdefault\u00a0\u00bb custom_margin=\u00a0\u00bb-64px|||||\u00a0\u00bb global_colors_info=\u00a0\u00bb{}\u00a0\u00bb]\n<div class=\"wpcf7 no-js\" id=\"wpcf7-f1866-o1\" lang=\"fr-FR\" dir=\"ltr\" data-wpcf7-id=\"1866\">\n<div class=\"screen-reader-response\"><p role=\"status\" aria-live=\"polite\" aria-atomic=\"true\"><\/p> <ul><\/ul><\/div>\n<form action=\"\/fr\/wp-json\/wp\/v2\/pages\/1512#wpcf7-f1866-o1\" method=\"post\" class=\"wpcf7-form init\" aria-label=\"Formulaire de contact\" novalidate=\"novalidate\" data-status=\"init\">\n<fieldset class=\"hidden-fields-container\"><input type=\"hidden\" name=\"_wpcf7\" value=\"1866\" \/><input type=\"hidden\" name=\"_wpcf7_version\" value=\"6.1.5\" \/><input type=\"hidden\" name=\"_wpcf7_locale\" value=\"fr_FR\" \/><input type=\"hidden\" name=\"_wpcf7_unit_tag\" value=\"wpcf7-f1866-o1\" \/><input type=\"hidden\" name=\"_wpcf7_container_post\" value=\"0\" \/><input type=\"hidden\" name=\"_wpcf7_posted_data_hash\" value=\"\" \/>\n<\/fieldset>\n<p><label> Nom*<br \/>\n<span class=\"wpcf7-form-control-wrap\" data-name=\"your-name\"><input size=\"40\" maxlength=\"400\" class=\"wpcf7-form-control wpcf7-text wpcf7-validates-as-required\" autocomplete=\"name\" aria-required=\"true\" aria-invalid=\"false\" value=\"\" type=\"text\" name=\"your-name\" \/><\/span> <\/label>\n<\/p>\n<p><label> Email*<br \/>\n<span class=\"wpcf7-form-control-wrap\" data-name=\"your-email\"><input size=\"40\" maxlength=\"400\" class=\"wpcf7-form-control wpcf7-email wpcf7-validates-as-required wpcf7-text wpcf7-validates-as-email\" autocomplete=\"email\" aria-required=\"true\" aria-invalid=\"false\" value=\"\" type=\"email\" name=\"your-email\" \/><\/span> <\/label>\n<\/p>\n<p><label> Message*<br \/>\n<span class=\"wpcf7-form-control-wrap\" data-name=\"textarea-864\"><textarea cols=\"40\" rows=\"10\" maxlength=\"2000\" class=\"wpcf7-form-control wpcf7-textarea wpcf7-validates-as-required\" aria-required=\"true\" aria-invalid=\"false\" name=\"textarea-864\"><\/textarea><\/span> <\/label>\n<\/p>\n<p><label> <span class=\"wpcf7-form-control-wrap\" data-name=\"acceptance-368\"><span class=\"wpcf7-form-control wpcf7-acceptance\"><span class=\"wpcf7-list-item\"><label><input type=\"checkbox\" name=\"acceptance-368\" value=\"1\" aria-invalid=\"false\" \/><span class=\"wpcf7-list-item-label\">J'ai lu et j'accepte la politique de confidentialit\u00e9<\/span><\/label><\/span><\/span><\/span> <\/label>\n<\/p>\n<p><input class=\"wpcf7-form-control wpcf7-submit has-spinner\" type=\"submit\" value=\"Env\u00edar\" \/>\n<\/p><p style=\"display: none !important;\" class=\"akismet-fields-container\" data-prefix=\"_wpcf7_ak_\"><label>&#916;<textarea name=\"_wpcf7_ak_hp_textarea\" cols=\"45\" rows=\"8\" maxlength=\"100\"><\/textarea><\/label><input type=\"hidden\" id=\"ak_js_1\" name=\"_wpcf7_ak_js\" value=\"35\"\/><script>document.getElementById( \"ak_js_1\" ).setAttribute( \"value\", ( new Date() ).getTime() );<\/script><\/p><div class=\"wpcf7-response-output\" aria-hidden=\"true\"><\/div>\n<\/form>\n<\/div>\n[\/et_pb_code][\/et_pb_column][\/et_pb_row][et_pb_row admin_label=\u00a0\u00bbLogos\u00a0\u00bb _builder_version=\u00a0\u00bb4.20.0&Prime; _module_preset=\u00a0\u00bbdefault\u00a0\u00bb global_colors_info=\u00a0\u00bb{}\u00a0\u00bb][et_pb_column type=\u00a0\u00bb4_4&Prime; _builder_version=\u00a0\u00bb4.20.0&Prime; _module_preset=\u00a0\u00bbdefault\u00a0\u00bb global_colors_info=\u00a0\u00bb{}\u00a0\u00bb][et_pb_image src=\u00a0\u00bbhttps:\/\/www.sergiosanchezosteo.com\/wp-content\/uploads\/2023\/02\/Logo-digitalizadores_1240_RET.png\u00a0\u00bb alt=\u00a0\u00bbKit Digital&#8230;\u00a0\u00bb title_text=\u00a0\u00bbLogo-digitalizadores_1240_RET\u00a0\u00bb align=\u00a0\u00bbcenter\u00a0\u00bb admin_label=\u00a0\u00bbLogos\u00a0\u00bb _builder_version=\u00a0\u00bb4.20.0&Prime; _module_preset=\u00a0\u00bbdefault\u00a0\u00bb animation_style=\u00a0\u00bbfade\u00a0\u00bb global_colors_info=\u00a0\u00bb{}\u00a0\u00bb][\/et_pb_image][\/et_pb_column][\/et_pb_row][\/et_pb_section]<\/p>\n","protected":false},"excerpt":{"rendered":"<p>BlogBienvenue sur mon blog d&rsquo;ost\u00e9opathieUn espace pour exprimer et partager avec les lecteurs ma fa\u00e7on de vivre l&rsquo;ost\u00e9opathie.Je pense que cela fait partie de notre travail d&rsquo;ost\u00e9opathes de rapprocher l&rsquo;ost\u00e9opathie des gens et vice versa, en fournissant des informations pr\u00e9cieuses sur ce qu&rsquo;elle est et ce qu&rsquo;elle n&rsquo;est pas.Et avec cette libert\u00e9 que le fait [&hellip;]<\/p>\n","protected":false},"author":1,"featured_media":0,"parent":0,"menu_order":0,"comment_status":"closed","ping_status":"closed","template":"","meta":{"_et_pb_use_builder":"on","_et_pb_old_content":"","_et_gb_content_width":"","_joinchat":[],"footnotes":""},"class_list":["post-1512","page","type-page","status-publish","hentry"],"yoast_head":"<!-- This site is optimized with the Yoast SEO plugin v27.3 - https:\/\/yoast.com\/product\/yoast-seo-wordpress\/ -->\n<title>Blog - Massages et Ost\u00e9opathe Sitges<\/title>\n<meta name=\"robots\" content=\"index, follow, max-snippet:-1, max-image-preview:large, max-video-preview:-1\" \/>\n<link rel=\"canonical\" href=\"https:\/\/www.sergiosanchezosteo.com\/fr\/blog\/\" \/>\n<meta property=\"og:locale\" content=\"fr_FR\" \/>\n<meta property=\"og:type\" content=\"article\" \/>\n<meta property=\"og:title\" content=\"Blog - Massages et Ost\u00e9opathe Sitges\" \/>\n<meta property=\"og:description\" content=\"BlogBienvenue sur mon blog d&#039;ost\u00e9opathieUn espace pour exprimer et partager avec les lecteurs ma fa\u00e7on de vivre l&#039;ost\u00e9opathie.Je pense que cela fait partie de notre travail d&#039;ost\u00e9opathes de rapprocher l&#039;ost\u00e9opathie des gens et vice versa, en fournissant des informations pr\u00e9cieuses sur ce qu&#039;elle est et ce qu&#039;elle n&#039;est pas.Et avec cette libert\u00e9 que le fait [&hellip;]\" \/>\n<meta property=\"og:url\" content=\"https:\/\/www.sergiosanchezosteo.com\/fr\/blog\/\" \/>\n<meta property=\"og:site_name\" content=\"Massages et Ost\u00e9opathe Sitges\" \/>\n<meta property=\"article:publisher\" content=\"https:\/\/www.facebook.com\/osteopatiasergiosanchez\" \/>\n<meta property=\"article:modified_time\" content=\"2023-03-23T16:11:17+00:00\" \/>\n<meta property=\"og:image\" content=\"https:\/\/www.sergiosanchezosteo.com\/wp-content\/uploads\/2023\/02\/img_yoast.jpg\" \/>\n\t<meta property=\"og:image:width\" content=\"1200\" \/>\n\t<meta property=\"og:image:height\" content=\"675\" \/>\n\t<meta property=\"og:image:type\" content=\"image\/jpeg\" \/>\n<meta name=\"twitter:card\" content=\"summary_large_image\" \/>\n<meta name=\"twitter:label1\" content=\"Dur\u00e9e de lecture estim\u00e9e\" \/>\n\t<meta name=\"twitter:data1\" content=\"2 minutes\" \/>\n<script type=\"application\/ld+json\" class=\"yoast-schema-graph\">{\"@context\":\"https:\\\/\\\/schema.org\",\"@graph\":[{\"@type\":\"WebPage\",\"@id\":\"https:\\\/\\\/www.sergiosanchezosteo.com\\\/fr\\\/blog\\\/\",\"url\":\"https:\\\/\\\/www.sergiosanchezosteo.com\\\/fr\\\/blog\\\/\",\"name\":\"Blog - Massages et Ost\u00e9opathe Sitges\",\"isPartOf\":{\"@id\":\"https:\\\/\\\/www.sergiosanchezosteo.com\\\/fr\\\/#website\"},\"datePublished\":\"2023-02-13T11:29:13+00:00\",\"dateModified\":\"2023-03-23T16:11:17+00:00\",\"breadcrumb\":{\"@id\":\"https:\\\/\\\/www.sergiosanchezosteo.com\\\/fr\\\/blog\\\/#breadcrumb\"},\"inLanguage\":\"fr-FR\",\"potentialAction\":[{\"@type\":\"ReadAction\",\"target\":[\"https:\\\/\\\/www.sergiosanchezosteo.com\\\/fr\\\/blog\\\/\"]}]},{\"@type\":\"BreadcrumbList\",\"@id\":\"https:\\\/\\\/www.sergiosanchezosteo.com\\\/fr\\\/blog\\\/#breadcrumb\",\"itemListElement\":[{\"@type\":\"ListItem\",\"position\":1,\"name\":\"Portada\",\"item\":\"https:\\\/\\\/www.sergiosanchezosteo.com\\\/fr\\\/accueil\\\/\"},{\"@type\":\"ListItem\",\"position\":2,\"name\":\"Blog\"}]},{\"@type\":\"WebSite\",\"@id\":\"https:\\\/\\\/www.sergiosanchezosteo.com\\\/fr\\\/#website\",\"url\":\"https:\\\/\\\/www.sergiosanchezosteo.com\\\/fr\\\/\",\"name\":\"Massages et Ost\u00e9opathe Sitges\",\"description\":\"Sitges massage, Massages Sitges, Ost\u00e9opathe Sitges, Ost\u00e9opathie Sitges\",\"publisher\":{\"@id\":\"https:\\\/\\\/www.sergiosanchezosteo.com\\\/fr\\\/#\\\/schema\\\/person\\\/4ce56309060f1d0b708102aaacab596b\"},\"alternateName\":\"Osteopat\u00eda y Masajes\",\"potentialAction\":[{\"@type\":\"SearchAction\",\"target\":{\"@type\":\"EntryPoint\",\"urlTemplate\":\"https:\\\/\\\/www.sergiosanchezosteo.com\\\/fr\\\/?s={search_term_string}\"},\"query-input\":{\"@type\":\"PropertyValueSpecification\",\"valueRequired\":true,\"valueName\":\"search_term_string\"}}],\"inLanguage\":\"fr-FR\"},{\"@type\":[\"Person\",\"Organization\"],\"@id\":\"https:\\\/\\\/www.sergiosanchezosteo.com\\\/fr\\\/#\\\/schema\\\/person\\\/4ce56309060f1d0b708102aaacab596b\",\"name\":\"Sergio Sanchez\",\"image\":{\"@type\":\"ImageObject\",\"inLanguage\":\"fr-FR\",\"@id\":\"https:\\\/\\\/www.sergiosanchezosteo.com\\\/wp-content\\\/uploads\\\/2023\\\/01\\\/logo_400.jpg\",\"url\":\"https:\\\/\\\/www.sergiosanchezosteo.com\\\/wp-content\\\/uploads\\\/2023\\\/01\\\/logo_400.jpg\",\"contentUrl\":\"https:\\\/\\\/www.sergiosanchezosteo.com\\\/wp-content\\\/uploads\\\/2023\\\/01\\\/logo_400.jpg\",\"width\":400,\"height\":128,\"caption\":\"Sergio Sanchez\"},\"logo\":{\"@id\":\"https:\\\/\\\/www.sergiosanchezosteo.com\\\/wp-content\\\/uploads\\\/2023\\\/01\\\/logo_400.jpg\"},\"sameAs\":[\"https:\\\/\\\/www.facebook.com\\\/osteopatiasergiosanchez\",\"https:\\\/\\\/www.instagram.com\\\/sergiosanchez.osteopata\\\/\"]}]}<\/script>\n<!-- \/ Yoast SEO plugin. -->","yoast_head_json":{"title":"Blog - Massages et Ost\u00e9opathe Sitges","robots":{"index":"index","follow":"follow","max-snippet":"max-snippet:-1","max-image-preview":"max-image-preview:large","max-video-preview":"max-video-preview:-1"},"canonical":"https:\/\/www.sergiosanchezosteo.com\/fr\/blog\/","og_locale":"fr_FR","og_type":"article","og_title":"Blog - Massages et Ost\u00e9opathe Sitges","og_description":"BlogBienvenue sur mon blog d'ost\u00e9opathieUn espace pour exprimer et partager avec les lecteurs ma fa\u00e7on de vivre l'ost\u00e9opathie.Je pense que cela fait partie de notre travail d'ost\u00e9opathes de rapprocher l'ost\u00e9opathie des gens et vice versa, en fournissant des informations pr\u00e9cieuses sur ce qu'elle est et ce qu'elle n'est pas.Et avec cette libert\u00e9 que le fait [&hellip;]","og_url":"https:\/\/www.sergiosanchezosteo.com\/fr\/blog\/","og_site_name":"Massages et Ost\u00e9opathe Sitges","article_publisher":"https:\/\/www.facebook.com\/osteopatiasergiosanchez","article_modified_time":"2023-03-23T16:11:17+00:00","og_image":[{"width":1200,"height":675,"url":"https:\/\/www.sergiosanchezosteo.com\/wp-content\/uploads\/2023\/02\/img_yoast.jpg","type":"image\/jpeg"}],"twitter_card":"summary_large_image","twitter_misc":{"Dur\u00e9e de lecture estim\u00e9e":"2 minutes"},"schema":{"@context":"https:\/\/schema.org","@graph":[{"@type":"WebPage","@id":"https:\/\/www.sergiosanchezosteo.com\/fr\/blog\/","url":"https:\/\/www.sergiosanchezosteo.com\/fr\/blog\/","name":"Blog - Massages et Ost\u00e9opathe Sitges","isPartOf":{"@id":"https:\/\/www.sergiosanchezosteo.com\/fr\/#website"},"datePublished":"2023-02-13T11:29:13+00:00","dateModified":"2023-03-23T16:11:17+00:00","breadcrumb":{"@id":"https:\/\/www.sergiosanchezosteo.com\/fr\/blog\/#breadcrumb"},"inLanguage":"fr-FR","potentialAction":[{"@type":"ReadAction","target":["https:\/\/www.sergiosanchezosteo.com\/fr\/blog\/"]}]},{"@type":"BreadcrumbList","@id":"https:\/\/www.sergiosanchezosteo.com\/fr\/blog\/#breadcrumb","itemListElement":[{"@type":"ListItem","position":1,"name":"Portada","item":"https:\/\/www.sergiosanchezosteo.com\/fr\/accueil\/"},{"@type":"ListItem","position":2,"name":"Blog"}]},{"@type":"WebSite","@id":"https:\/\/www.sergiosanchezosteo.com\/fr\/#website","url":"https:\/\/www.sergiosanchezosteo.com\/fr\/","name":"Massages et Ost\u00e9opathe Sitges","description":"Sitges massage, Massages Sitges, Ost\u00e9opathe Sitges, Ost\u00e9opathie Sitges","publisher":{"@id":"https:\/\/www.sergiosanchezosteo.com\/fr\/#\/schema\/person\/4ce56309060f1d0b708102aaacab596b"},"alternateName":"Osteopat\u00eda y Masajes","potentialAction":[{"@type":"SearchAction","target":{"@type":"EntryPoint","urlTemplate":"https:\/\/www.sergiosanchezosteo.com\/fr\/?s={search_term_string}"},"query-input":{"@type":"PropertyValueSpecification","valueRequired":true,"valueName":"search_term_string"}}],"inLanguage":"fr-FR"},{"@type":["Person","Organization"],"@id":"https:\/\/www.sergiosanchezosteo.com\/fr\/#\/schema\/person\/4ce56309060f1d0b708102aaacab596b","name":"Sergio Sanchez","image":{"@type":"ImageObject","inLanguage":"fr-FR","@id":"https:\/\/www.sergiosanchezosteo.com\/wp-content\/uploads\/2023\/01\/logo_400.jpg","url":"https:\/\/www.sergiosanchezosteo.com\/wp-content\/uploads\/2023\/01\/logo_400.jpg","contentUrl":"https:\/\/www.sergiosanchezosteo.com\/wp-content\/uploads\/2023\/01\/logo_400.jpg","width":400,"height":128,"caption":"Sergio Sanchez"},"logo":{"@id":"https:\/\/www.sergiosanchezosteo.com\/wp-content\/uploads\/2023\/01\/logo_400.jpg"},"sameAs":["https:\/\/www.facebook.com\/osteopatiasergiosanchez","https:\/\/www.instagram.com\/sergiosanchez.osteopata\/"]}]}},"_links":{"self":[{"href":"https:\/\/www.sergiosanchezosteo.com\/fr\/wp-json\/wp\/v2\/pages\/1512","targetHints":{"allow":["GET"]}}],"collection":[{"href":"https:\/\/www.sergiosanchezosteo.com\/fr\/wp-json\/wp\/v2\/pages"}],"about":[{"href":"https:\/\/www.sergiosanchezosteo.com\/fr\/wp-json\/wp\/v2\/types\/page"}],"author":[{"embeddable":true,"href":"https:\/\/www.sergiosanchezosteo.com\/fr\/wp-json\/wp\/v2\/users\/1"}],"replies":[{"embeddable":true,"href":"https:\/\/www.sergiosanchezosteo.com\/fr\/wp-json\/wp\/v2\/comments?post=1512"}],"version-history":[{"count":3,"href":"https:\/\/www.sergiosanchezosteo.com\/fr\/wp-json\/wp\/v2\/pages\/1512\/revisions"}],"predecessor-version":[{"id":2434,"href":"https:\/\/www.sergiosanchezosteo.com\/fr\/wp-json\/wp\/v2\/pages\/1512\/revisions\/2434"}],"wp:attachment":[{"href":"https:\/\/www.sergiosanchezosteo.com\/fr\/wp-json\/wp\/v2\/media?parent=1512"}],"curies":[{"name":"wp","href":"https:\/\/api.w.org\/{rel}","templated":true}]}}