{"id":1599,"date":"2023-02-20T12:09:15","date_gmt":"2023-02-20T11:09:15","guid":{"rendered":"https:\/\/www.sergiosanchezosteo.com\/avis-juridique\/"},"modified":"2023-05-17T13:57:59","modified_gmt":"2023-05-17T11:57:59","slug":"avis-juridique","status":"publish","type":"page","link":"https:\/\/www.sergiosanchezosteo.com\/fr\/avis-juridique\/","title":{"rendered":"Avis Juridique"},"content":{"rendered":"<h2>Identification et propri\u00e9t\u00e9<\/h2>\n<p>Conform\u00e9ment \u00e0 l&rsquo;article 10 de la loi 34\/2002 du 11 juillet sur les services de la soci\u00e9t\u00e9 de l&rsquo;information et du commerce \u00e9lectronique, le titulaire expose ses donn\u00e9es d&rsquo;identification :<\/p>\n<p>&nbsp;<\/p>\n<ul>\n<li><b>Propri\u00e9taire:<\/b> Sergio S\u00e1nchez.<\/li>\n<li><b>Adresse:<\/b> Pau Benazet. Sitges, Barcelona &#8211; Espa\u00f1a.<\/li>\n<li><b>Email:<\/b> info@sergiosanchezosteo.com<\/li>\n<li><b>T\u00e9l\u00e9phone de contact:<\/b> +34 658 05 98 17<\/li>\n<li><b>Site Web:<\/b> <a title=\"https:\/\/www.sergiosanchezosteo.com\/fr\/fr\/\" href=\"https:\/\/www.sergiosanchezosteo.com\/fr\/\">https:\/\/www.sergiosanchezosteo.com\/fr\/<\/a><\/li>\n<\/ul>\n<p>&nbsp;<\/p>\n<h2>But<\/h2>\n<p>Le but du site Web est : Ost\u00e9opathie et massoth\u00e9rapie, Sitges et Barcelone.<\/p>\n<h2>Condition d&rsquo;utilisation<\/h2>\n<p>L&rsquo;utilisation du Site Web vous conf\u00e8re la condition d&rsquo;Utilisateur, et implique l&rsquo;acceptation compl\u00e8te de toutes les clauses et conditions d&rsquo;utilisation incluses dans les pages :<\/p>\n<ul>\n<li><a title=\"Avis Juridique\" href=\"https:\/\/www.sergiosanchezosteo.com\/fr\/avis-juridique\/\">Avis Juridique<\/a><\/li>\n<li><a title=\"Politique de Confidentialit\u00e9\" href=\"https:\/\/www.sergiosanchezosteo.com\/fr\/politique-de-confidentialite-2\/\">Politique de Confidentialit\u00e9<\/a><\/li>\n<li><a title=\"Politique de Cookies\" href=\"https:\/\/www.sergiosanchezosteo.com\/fr\/politique-de-cookies-2\/\">Politique de Cookies<\/a><\/li>\n<\/ul>\n<p>&nbsp;<\/p>\n<p>Si vous n&rsquo;\u00eates pas satisfait de chacune de ces clauses et conditions, abstenez-vous d&rsquo;utiliser le site Web.<\/p>\n<p>L&rsquo;acc\u00e8s au site Web n&rsquo;implique en aucun cas le d\u00e9but d&rsquo;une relation commerciale avec le propri\u00e9taire.<\/p>\n<p>Par le biais du site Web, le propri\u00e9taire facilite l&rsquo;acc\u00e8s et l&rsquo;utilisation de divers contenus que le propri\u00e9taire et\/ou ses collaborateurs ont publi\u00e9s sur Internet.<\/p>\n<p>\u00c0 cette fin, vous \u00eates oblig\u00e9 et engag\u00e9 \u00e0 ne PAS utiliser le contenu du site Web \u00e0 des fins ou effets illicites, interdits dans les pr\u00e9sentes mentions l\u00e9gales ou par la l\u00e9gislation en vigueur, pr\u00e9judiciables aux droits et int\u00e9r\u00eats de tiers, ou qui de quelque mani\u00e8re que ce soit peut endommager, d\u00e9sactiver, surcharger, d\u00e9t\u00e9riorer ou emp\u00eacher l&rsquo;utilisation normale du contenu, de l&rsquo;\u00e9quipement informatique ou des documents, fichiers et toutes sortes de contenus stock\u00e9s sur tout \u00e9quipement informatique d\u00e9tenu ou contract\u00e9 par le Propri\u00e9taire, d&rsquo;autres utilisateurs ou tout internaute .<\/p>\n<h2>Mesure de s\u00e9curit\u00e9<\/h2>\n<p>Les donn\u00e9es personnelles que vous fournissez au titulaire peuvent \u00eatre stock\u00e9es dans des bases de donn\u00e9es automatis\u00e9es ou non, dont la propri\u00e9t\u00e9 correspond exclusivement au titulaire, qui assume toutes les mesures techniques, organisationnelles et de s\u00e9curit\u00e9 garantissant la confidentialit\u00e9, l&rsquo;int\u00e9grit\u00e9 et la qualit\u00e9 des informations qui y sont contenues. conform\u00e9ment aux dispositions de la r\u00e9glementation en vigueur sur la protection des donn\u00e9es.<\/p>\n<p>Cependant, vous devez \u00eatre conscient que les mesures de s\u00e9curit\u00e9 des syst\u00e8mes informatiques sur Internet ne sont pas enti\u00e8rement fiables et que, par cons\u00e9quent, le Propri\u00e9taire ne peut garantir l&rsquo;absence de virus ou d&rsquo;autres \u00e9l\u00e9ments pouvant entra\u00eener des alt\u00e9rations des syst\u00e8mes informatiques (logiciels et mat\u00e9riels) du Utilisateur ou dans leurs documents et fichiers \u00e9lectroniques qui y sont contenus, bien que le Propri\u00e9taire mette tous les moyens n\u00e9cessaires et prenne les mesures de s\u00e9curit\u00e9 appropri\u00e9es pour \u00e9viter la pr\u00e9sence de ces \u00e9l\u00e9ments nuisibles.<\/p>\n<h2>Traitement des donn\u00e9es personnelles<\/h2>\n<p>Vous pouvez consulter toutes les informations relatives au traitement des donn\u00e9es personnelles que le Propri\u00e9taire collecte sur la page <a title=\"Politique de Confidentialit\u00e9\" href=\"https:\/\/www.sergiosanchezosteo.com\/fr\/politique-de-confidentialite-2\/\">Politique de confidentialit\u00e9<\/a>.<\/p>\n<h2>Contenu<\/h2>\n<p>Le propri\u00e9taire a obtenu les informations, le contenu multim\u00e9dia et les mat\u00e9riaux inclus dans le site Web \u00e0 partir de sources qu&rsquo;il consid\u00e8re fiables, mais, bien qu&rsquo;il ait pris toutes les mesures raisonnables pour s&rsquo;assurer que les informations contenues sont correctes, le propri\u00e9taire ne garantit pas leur exactitude. , compl\u00e8te ou mise \u00e0 jour. Le propri\u00e9taire d\u00e9cline express\u00e9ment toute responsabilit\u00e9 pour les erreurs ou omissions dans les informations contenues dans les pages du site Web.<\/p>\n<p>Il est interdit de transmettre ou d&rsquo;envoyer via le site Web tout contenu ill\u00e9gal ou illicite, virus informatiques ou messages qui, en g\u00e9n\u00e9ral, affectent ou violent les droits du propri\u00e9taire ou de tiers.<\/p>\n<p>Le contenu du Site est \u00e0 titre informatif et ne doit en aucun cas \u00eatre utilis\u00e9 ou consid\u00e9r\u00e9 comme une offre de vente, une demande d&rsquo;offre d&rsquo;achat ou une recommandation d&rsquo;effectuer toute autre op\u00e9ration, sauf indication expresse.<\/p>\n<p>Le propri\u00e9taire se r\u00e9serve le droit de modifier, suspendre, annuler ou restreindre le contenu du site Web, les liens ou les informations obtenues via le site Web, sans pr\u00e9avis.<\/p>\n<p>Le propri\u00e9taire n&rsquo;est pas responsable des dommages pouvant r\u00e9sulter de l&rsquo;utilisation des informations sur le site Web ou de celles contenues dans les r\u00e9seaux sociaux du propri\u00e9taire.<\/p>\n<h2>Politique de cookies<\/h2>\n<p>Vous pouvez consulter toutes les informations relatives \u00e0 la politique de collecte et de traitement des cookies sur la page <a title=\"Politique de Cookies\" href=\"https:\/\/www.sergiosanchezosteo.com\/fr\/politique-de-cookies-2\/\">Politique de Cookies<\/a>.<\/p>\n<h2>Liens vers d&rsquo;autres sites Web<\/h2>\n<p>Le propri\u00e9taire peut vous donner acc\u00e8s \u00e0 des sites Web tiers par le biais de liens dans le seul but d&rsquo;informer de l&rsquo;existence d&rsquo;autres sources d&rsquo;informations sur Internet o\u00f9 vous pouvez \u00e9tendre les donn\u00e9es propos\u00e9es sur le site Web.<\/p>\n<p>Ces liens vers d&rsquo;autres sites Web n&rsquo;impliquent en aucun cas une suggestion ou une recommandation pour vous de visiter les pages Web de destination, qui \u00e9chappent au contr\u00f4le du Propri\u00e9taire, de sorte que le Propri\u00e9taire n&rsquo;est pas responsable du contenu des sites Web li\u00e9s ou du r\u00e9sultat que vous obtenir en suivant les liens. De m\u00eame, le propri\u00e9taire n&rsquo;est pas responsable des liens ou des liens situ\u00e9s sur les sites Web li\u00e9s auxquels il donne acc\u00e8s.<\/p>\n<p>L&rsquo;\u00e9tablissement du lien n&rsquo;implique en aucun cas l&rsquo;existence de relations entre le Propri\u00e9taire et le propri\u00e9taire du site dans lequel le lien est \u00e9tabli, ni l&rsquo;acceptation ou l&rsquo;approbation par le Propri\u00e9taire de son contenu ou de ses services.<\/p>\n<p>Si vous acc\u00e9dez \u00e0 un site Web externe \u00e0 partir d&rsquo;un lien trouv\u00e9 sur le site Web, vous devez lire la politique de confidentialit\u00e9 de l&rsquo;autre site Web, qui peut \u00eatre diff\u00e9rente de celle de ce site Web.<\/p>\n<h2>Propri\u00e9t\u00e9 intellectuelle et industrielle<\/h2>\n<p>Tous les droits sont r\u00e9serv\u00e9s.<\/p>\n<p>Tout acc\u00e8s \u00e0 ce site Web est soumis aux conditions suivantes : la reproduction, le stockage permanent et la diffusion du contenu ou toute autre utilisation \u00e0 des fins publiques ou commerciales sont express\u00e9ment interdites sans l&rsquo;autorisation \u00e9crite expresse pr\u00e9alable du propri\u00e9taire.<\/p>\n<h2>Limitation de responsabilit\u00e9<\/h2>\n<p>Le Propri\u00e9taire d\u00e9cline toute responsabilit\u00e9 en cas d&rsquo;interruptions ou de dysfonctionnement des Services ou contenus propos\u00e9s sur Internet, quelle qu&rsquo;en soit la cause. De m\u00eame, le Propri\u00e9taire n&rsquo;est pas responsable des pannes de r\u00e9seau, des pertes commerciales r\u00e9sultant desdites pannes, des pannes d&rsquo;\u00e9lectricit\u00e9 temporaires ou de tout autre type de dommage indirect pouvant \u00eatre caus\u00e9 par des causes ind\u00e9pendantes de la volont\u00e9 du Propri\u00e9taire.<\/p>\n<p>Avant de prendre des d\u00e9cisions et\/ou des actions sur la base des informations incluses sur le site Web, le propri\u00e9taire vous recommande de v\u00e9rifier et de comparer les informations re\u00e7ues avec d&rsquo;autres sources.<\/p>\n<h2>Juridiction<\/h2>\n<p>Le pr\u00e9sent avis juridique est enti\u00e8rement r\u00e9gi par la l\u00e9gislation espagnole.<\/p>\n<h2>Contact<\/h2>\n<p>Si vous avez des questions sur les pr\u00e9sentes mentions l\u00e9gales ou si vous souhaitez faire des commentaires sur le site Web, vous pouvez envoyer un e-mail \u00e0 l&rsquo;adresse : <a href=\"mailto:info@sergiosanchezosteo.com\">info@sergiosanchezosteo.com<\/a><\/p>\n<p>&nbsp;<\/p>\n<p>&nbsp;<\/p>\n","protected":false},"excerpt":{"rendered":"<p>Identification et propri\u00e9t\u00e9 Conform\u00e9ment \u00e0 l&rsquo;article 10 de la loi 34\/2002 du 11 juillet sur les services de la soci\u00e9t\u00e9 de l&rsquo;information et du commerce \u00e9lectronique, le titulaire expose ses donn\u00e9es d&rsquo;identification : &nbsp; Propri\u00e9taire: Sergio S\u00e1nchez. Adresse: Pau Benazet. Sitges, Barcelona &#8211; Espa\u00f1a. Email: info@sergiosanchezosteo.com T\u00e9l\u00e9phone de contact: +34 658 05 98 17 Site [&hellip;]<\/p>\n","protected":false},"author":1,"featured_media":0,"parent":0,"menu_order":0,"comment_status":"closed","ping_status":"closed","template":"","meta":{"_et_pb_use_builder":"","_et_pb_old_content":"","_et_gb_content_width":"","_joinchat":[],"footnotes":""},"class_list":["post-1599","page","type-page","status-publish","hentry"],"yoast_head":"<!-- This site is optimized with the Yoast SEO plugin v27.3 - https:\/\/yoast.com\/product\/yoast-seo-wordpress\/ -->\n<title>Avis Juridique - Massages et Ost\u00e9opathe Sitges<\/title>\n<meta name=\"robots\" content=\"index, follow, max-snippet:-1, max-image-preview:large, max-video-preview:-1\" \/>\n<link rel=\"canonical\" href=\"https:\/\/www.sergiosanchezosteo.com\/fr\/avis-juridique\/\" \/>\n<meta property=\"og:locale\" content=\"fr_FR\" \/>\n<meta property=\"og:type\" content=\"article\" \/>\n<meta property=\"og:title\" content=\"Avis Juridique - Massages et Ost\u00e9opathe Sitges\" \/>\n<meta property=\"og:description\" content=\"Identification et propri\u00e9t\u00e9 Conform\u00e9ment \u00e0 l&rsquo;article 10 de la loi 34\/2002 du 11 juillet sur les services de la soci\u00e9t\u00e9 de l&rsquo;information et du commerce \u00e9lectronique, le titulaire expose ses donn\u00e9es d&rsquo;identification : &nbsp; Propri\u00e9taire: Sergio S\u00e1nchez. Adresse: Pau Benazet. Sitges, Barcelona &#8211; Espa\u00f1a. Email: info@sergiosanchezosteo.com T\u00e9l\u00e9phone de contact: +34 658 05 98 17 Site [&hellip;]\" \/>\n<meta property=\"og:url\" content=\"https:\/\/www.sergiosanchezosteo.com\/fr\/avis-juridique\/\" \/>\n<meta property=\"og:site_name\" content=\"Massages et Ost\u00e9opathe Sitges\" \/>\n<meta property=\"article:publisher\" content=\"https:\/\/www.facebook.com\/osteopatiasergiosanchez\" \/>\n<meta property=\"article:modified_time\" content=\"2023-05-17T11:57:59+00:00\" \/>\n<meta property=\"og:image\" content=\"https:\/\/www.sergiosanchezosteo.com\/wp-content\/uploads\/2023\/02\/img_yoast.jpg\" \/>\n\t<meta property=\"og:image:width\" content=\"1200\" \/>\n\t<meta property=\"og:image:height\" content=\"675\" \/>\n\t<meta property=\"og:image:type\" content=\"image\/jpeg\" \/>\n<meta name=\"twitter:card\" content=\"summary_large_image\" \/>\n<meta name=\"twitter:label1\" content=\"Dur\u00e9e de lecture estim\u00e9e\" \/>\n\t<meta name=\"twitter:data1\" content=\"5 minutes\" \/>\n<script type=\"application\/ld+json\" class=\"yoast-schema-graph\">{\"@context\":\"https:\\\/\\\/schema.org\",\"@graph\":[{\"@type\":\"WebPage\",\"@id\":\"https:\\\/\\\/www.sergiosanchezosteo.com\\\/fr\\\/avis-juridique\\\/\",\"url\":\"https:\\\/\\\/www.sergiosanchezosteo.com\\\/fr\\\/avis-juridique\\\/\",\"name\":\"Avis Juridique - Massages et Ost\u00e9opathe Sitges\",\"isPartOf\":{\"@id\":\"https:\\\/\\\/www.sergiosanchezosteo.com\\\/fr\\\/#website\"},\"datePublished\":\"2023-02-20T11:09:15+00:00\",\"dateModified\":\"2023-05-17T11:57:59+00:00\",\"breadcrumb\":{\"@id\":\"https:\\\/\\\/www.sergiosanchezosteo.com\\\/fr\\\/avis-juridique\\\/#breadcrumb\"},\"inLanguage\":\"fr-FR\",\"potentialAction\":[{\"@type\":\"ReadAction\",\"target\":[\"https:\\\/\\\/www.sergiosanchezosteo.com\\\/fr\\\/avis-juridique\\\/\"]}]},{\"@type\":\"BreadcrumbList\",\"@id\":\"https:\\\/\\\/www.sergiosanchezosteo.com\\\/fr\\\/avis-juridique\\\/#breadcrumb\",\"itemListElement\":[{\"@type\":\"ListItem\",\"position\":1,\"name\":\"Portada\",\"item\":\"https:\\\/\\\/www.sergiosanchezosteo.com\\\/fr\\\/accueil\\\/\"},{\"@type\":\"ListItem\",\"position\":2,\"name\":\"Avis Juridique\"}]},{\"@type\":\"WebSite\",\"@id\":\"https:\\\/\\\/www.sergiosanchezosteo.com\\\/fr\\\/#website\",\"url\":\"https:\\\/\\\/www.sergiosanchezosteo.com\\\/fr\\\/\",\"name\":\"Massages et Ost\u00e9opathe Sitges\",\"description\":\"Sitges massage, Massages Sitges, Ost\u00e9opathe Sitges, Ost\u00e9opathie Sitges\",\"publisher\":{\"@id\":\"https:\\\/\\\/www.sergiosanchezosteo.com\\\/fr\\\/#\\\/schema\\\/person\\\/4ce56309060f1d0b708102aaacab596b\"},\"alternateName\":\"Osteopat\u00eda y Masajes\",\"potentialAction\":[{\"@type\":\"SearchAction\",\"target\":{\"@type\":\"EntryPoint\",\"urlTemplate\":\"https:\\\/\\\/www.sergiosanchezosteo.com\\\/fr\\\/?s={search_term_string}\"},\"query-input\":{\"@type\":\"PropertyValueSpecification\",\"valueRequired\":true,\"valueName\":\"search_term_string\"}}],\"inLanguage\":\"fr-FR\"},{\"@type\":[\"Person\",\"Organization\"],\"@id\":\"https:\\\/\\\/www.sergiosanchezosteo.com\\\/fr\\\/#\\\/schema\\\/person\\\/4ce56309060f1d0b708102aaacab596b\",\"name\":\"Sergio Sanchez\",\"image\":{\"@type\":\"ImageObject\",\"inLanguage\":\"fr-FR\",\"@id\":\"https:\\\/\\\/www.sergiosanchezosteo.com\\\/wp-content\\\/uploads\\\/2023\\\/01\\\/logo_400.jpg\",\"url\":\"https:\\\/\\\/www.sergiosanchezosteo.com\\\/wp-content\\\/uploads\\\/2023\\\/01\\\/logo_400.jpg\",\"contentUrl\":\"https:\\\/\\\/www.sergiosanchezosteo.com\\\/wp-content\\\/uploads\\\/2023\\\/01\\\/logo_400.jpg\",\"width\":400,\"height\":128,\"caption\":\"Sergio Sanchez\"},\"logo\":{\"@id\":\"https:\\\/\\\/www.sergiosanchezosteo.com\\\/wp-content\\\/uploads\\\/2023\\\/01\\\/logo_400.jpg\"},\"sameAs\":[\"https:\\\/\\\/www.facebook.com\\\/osteopatiasergiosanchez\",\"https:\\\/\\\/www.instagram.com\\\/sergiosanchez.osteopata\\\/\"]}]}<\/script>\n<!-- \/ Yoast SEO plugin. -->","yoast_head_json":{"title":"Avis Juridique - Massages et Ost\u00e9opathe Sitges","robots":{"index":"index","follow":"follow","max-snippet":"max-snippet:-1","max-image-preview":"max-image-preview:large","max-video-preview":"max-video-preview:-1"},"canonical":"https:\/\/www.sergiosanchezosteo.com\/fr\/avis-juridique\/","og_locale":"fr_FR","og_type":"article","og_title":"Avis Juridique - Massages et Ost\u00e9opathe Sitges","og_description":"Identification et propri\u00e9t\u00e9 Conform\u00e9ment \u00e0 l&rsquo;article 10 de la loi 34\/2002 du 11 juillet sur les services de la soci\u00e9t\u00e9 de l&rsquo;information et du commerce \u00e9lectronique, le titulaire expose ses donn\u00e9es d&rsquo;identification : &nbsp; Propri\u00e9taire: Sergio S\u00e1nchez. Adresse: Pau Benazet. Sitges, Barcelona &#8211; Espa\u00f1a. Email: info@sergiosanchezosteo.com T\u00e9l\u00e9phone de contact: +34 658 05 98 17 Site [&hellip;]","og_url":"https:\/\/www.sergiosanchezosteo.com\/fr\/avis-juridique\/","og_site_name":"Massages et Ost\u00e9opathe Sitges","article_publisher":"https:\/\/www.facebook.com\/osteopatiasergiosanchez","article_modified_time":"2023-05-17T11:57:59+00:00","og_image":[{"width":1200,"height":675,"url":"https:\/\/www.sergiosanchezosteo.com\/wp-content\/uploads\/2023\/02\/img_yoast.jpg","type":"image\/jpeg"}],"twitter_card":"summary_large_image","twitter_misc":{"Dur\u00e9e de lecture estim\u00e9e":"5 minutes"},"schema":{"@context":"https:\/\/schema.org","@graph":[{"@type":"WebPage","@id":"https:\/\/www.sergiosanchezosteo.com\/fr\/avis-juridique\/","url":"https:\/\/www.sergiosanchezosteo.com\/fr\/avis-juridique\/","name":"Avis Juridique - Massages et Ost\u00e9opathe Sitges","isPartOf":{"@id":"https:\/\/www.sergiosanchezosteo.com\/fr\/#website"},"datePublished":"2023-02-20T11:09:15+00:00","dateModified":"2023-05-17T11:57:59+00:00","breadcrumb":{"@id":"https:\/\/www.sergiosanchezosteo.com\/fr\/avis-juridique\/#breadcrumb"},"inLanguage":"fr-FR","potentialAction":[{"@type":"ReadAction","target":["https:\/\/www.sergiosanchezosteo.com\/fr\/avis-juridique\/"]}]},{"@type":"BreadcrumbList","@id":"https:\/\/www.sergiosanchezosteo.com\/fr\/avis-juridique\/#breadcrumb","itemListElement":[{"@type":"ListItem","position":1,"name":"Portada","item":"https:\/\/www.sergiosanchezosteo.com\/fr\/accueil\/"},{"@type":"ListItem","position":2,"name":"Avis Juridique"}]},{"@type":"WebSite","@id":"https:\/\/www.sergiosanchezosteo.com\/fr\/#website","url":"https:\/\/www.sergiosanchezosteo.com\/fr\/","name":"Massages et Ost\u00e9opathe Sitges","description":"Sitges massage, Massages Sitges, Ost\u00e9opathe Sitges, Ost\u00e9opathie Sitges","publisher":{"@id":"https:\/\/www.sergiosanchezosteo.com\/fr\/#\/schema\/person\/4ce56309060f1d0b708102aaacab596b"},"alternateName":"Osteopat\u00eda y Masajes","potentialAction":[{"@type":"SearchAction","target":{"@type":"EntryPoint","urlTemplate":"https:\/\/www.sergiosanchezosteo.com\/fr\/?s={search_term_string}"},"query-input":{"@type":"PropertyValueSpecification","valueRequired":true,"valueName":"search_term_string"}}],"inLanguage":"fr-FR"},{"@type":["Person","Organization"],"@id":"https:\/\/www.sergiosanchezosteo.com\/fr\/#\/schema\/person\/4ce56309060f1d0b708102aaacab596b","name":"Sergio Sanchez","image":{"@type":"ImageObject","inLanguage":"fr-FR","@id":"https:\/\/www.sergiosanchezosteo.com\/wp-content\/uploads\/2023\/01\/logo_400.jpg","url":"https:\/\/www.sergiosanchezosteo.com\/wp-content\/uploads\/2023\/01\/logo_400.jpg","contentUrl":"https:\/\/www.sergiosanchezosteo.com\/wp-content\/uploads\/2023\/01\/logo_400.jpg","width":400,"height":128,"caption":"Sergio Sanchez"},"logo":{"@id":"https:\/\/www.sergiosanchezosteo.com\/wp-content\/uploads\/2023\/01\/logo_400.jpg"},"sameAs":["https:\/\/www.facebook.com\/osteopatiasergiosanchez","https:\/\/www.instagram.com\/sergiosanchez.osteopata\/"]}]}},"_links":{"self":[{"href":"https:\/\/www.sergiosanchezosteo.com\/fr\/wp-json\/wp\/v2\/pages\/1599","targetHints":{"allow":["GET"]}}],"collection":[{"href":"https:\/\/www.sergiosanchezosteo.com\/fr\/wp-json\/wp\/v2\/pages"}],"about":[{"href":"https:\/\/www.sergiosanchezosteo.com\/fr\/wp-json\/wp\/v2\/types\/page"}],"author":[{"embeddable":true,"href":"https:\/\/www.sergiosanchezosteo.com\/fr\/wp-json\/wp\/v2\/users\/1"}],"replies":[{"embeddable":true,"href":"https:\/\/www.sergiosanchezosteo.com\/fr\/wp-json\/wp\/v2\/comments?post=1599"}],"version-history":[{"count":1,"href":"https:\/\/www.sergiosanchezosteo.com\/fr\/wp-json\/wp\/v2\/pages\/1599\/revisions"}],"predecessor-version":[{"id":2542,"href":"https:\/\/www.sergiosanchezosteo.com\/fr\/wp-json\/wp\/v2\/pages\/1599\/revisions\/2542"}],"wp:attachment":[{"href":"https:\/\/www.sergiosanchezosteo.com\/fr\/wp-json\/wp\/v2\/media?parent=1599"}],"curies":[{"name":"wp","href":"https:\/\/api.w.org\/{rel}","templated":true}]}}