{"id":1601,"date":"2023-02-06T12:34:01","date_gmt":"2023-02-06T11:34:01","guid":{"rendered":"https:\/\/www.sergiosanchezosteo.com\/contact\/"},"modified":"2023-03-23T17:43:03","modified_gmt":"2023-03-23T16:43:03","slug":"contact","status":"publish","type":"page","link":"https:\/\/www.sergiosanchezosteo.com\/fr\/contact\/","title":{"rendered":"Contact"},"content":{"rendered":"<p>[et_pb_section fb_built=\u00a0\u00bb1&Prime; admin_label=\u00a0\u00bbFormulario\u00a0\u00bb _builder_version=\u00a0\u00bb4.19.5&Prime; background_enable_color=\u00a0\u00bboff\u00a0\u00bb background_image=\u00a0\u00bbhttps:\/\/www.sergiosanchezosteo.com\/wp-content\/uploads\/2023\/02\/fondo_home_03.jpg\u00a0\u00bb background_position=\u00a0\u00bbtop_left\u00a0\u00bb background_repeat=\u00a0\u00bbrepeat\u00a0\u00bb transform_translate_linked=\u00a0\u00bboff\u00a0\u00bb custom_padding=\u00a0\u00bb||13px|||\u00a0\u00bb global_colors_info=\u00a0\u00bb{}\u00a0\u00bb][et_pb_row _builder_version=\u00a0\u00bb4.19.5&Prime; transform_translate_linked=\u00a0\u00bboff\u00a0\u00bb global_colors_info=\u00a0\u00bb{}\u00a0\u00bb][et_pb_column type=\u00a0\u00bb4_4&Prime; _builder_version=\u00a0\u00bb4.16&Prime; global_colors_info=\u00a0\u00bb{}\u00a0\u00bb][et_pb_text _builder_version=\u00a0\u00bb4.20.2&Prime; text_font_size=\u00a0\u00bb24px\u00a0\u00bb text_line_height=\u00a0\u00bb2em\u00a0\u00bb header_font=\u00a0\u00bbDomine||||||||\u00a0\u00bb header_font_size=\u00a0\u00bb70px\u00a0\u00bb header_line_height=\u00a0\u00bb1.3em\u00a0\u00bb custom_margin=\u00a0\u00bb||2px||false|false\u00a0\u00bb animation_style=\u00a0\u00bbslide\u00a0\u00bb animation_direction=\u00a0\u00bbright\u00a0\u00bb animation_intensity_slide=\u00a0\u00bb5%\u00a0\u00bb text_font_size_tablet=\u00a0\u00bb18px\u00a0\u00bb text_font_size_phone=\u00a0\u00bb16px\u00a0\u00bb text_font_size_last_edited=\u00a0\u00bbon|phone\u00a0\u00bb header_font_size_tablet=\u00a0\u00bb48px\u00a0\u00bb header_font_size_phone=\u00a0\u00bb38px\u00a0\u00bb header_font_size_last_edited=\u00a0\u00bbon|phone\u00a0\u00bb locked=\u00a0\u00bboff\u00a0\u00bb global_colors_info=\u00a0\u00bb{}\u00a0\u00bb]<\/p>\n<h1>Contact<\/h1>\n<p>[\/et_pb_text][et_pb_text _builder_version=\u00a0\u00bb4.20.2&Prime; _module_preset=\u00a0\u00bbdefault\u00a0\u00bb text_font_size=\u00a0\u00bb24px\u00a0\u00bb transform_translate=\u00a0\u00bb0px|-31px\u00a0\u00bb transform_translate_linked=\u00a0\u00bboff\u00a0\u00bb custom_margin=\u00a0\u00bb20px||||false|false\u00a0\u00bb hover_enabled=\u00a0\u00bb0&Prime; text_font_size_tablet=\u00a0\u00bb24px\u00a0\u00bb text_font_size_phone=\u00a0\u00bb16px\u00a0\u00bb text_font_size_last_edited=\u00a0\u00bbon|phone\u00a0\u00bb global_colors_info=\u00a0\u00bb{}\u00a0\u00bb sticky_enabled=\u00a0\u00bb0&Prime;]<\/p>\n<p>Contact pour un rendez-vous avec Sergio S\u00e1nchez<\/p>\n<p>[\/et_pb_text][et_pb_code admin_label=\u00a0\u00bbFormulario\u00a0\u00bb _builder_version=\u00a0\u00bb4.20.0&Prime; _module_preset=\u00a0\u00bbdefault\u00a0\u00bb custom_margin=\u00a0\u00bb-35px|||||\u00a0\u00bb animation_style=\u00a0\u00bbfade\u00a0\u00bb global_colors_info=\u00a0\u00bb{}\u00a0\u00bb]\n<div class=\"wpcf7 no-js\" id=\"wpcf7-f1877-o1\" lang=\"fr-FR\" dir=\"ltr\" data-wpcf7-id=\"1877\">\n<div class=\"screen-reader-response\"><p role=\"status\" aria-live=\"polite\" aria-atomic=\"true\"><\/p> <ul><\/ul><\/div>\n<form action=\"\/fr\/wp-json\/wp\/v2\/pages\/1601#wpcf7-f1877-o1\" method=\"post\" class=\"wpcf7-form init\" aria-label=\"Formulaire de contact\" novalidate=\"novalidate\" data-status=\"init\">\n<fieldset class=\"hidden-fields-container\"><input type=\"hidden\" name=\"_wpcf7\" value=\"1877\" \/><input type=\"hidden\" name=\"_wpcf7_version\" value=\"6.1.5\" \/><input type=\"hidden\" name=\"_wpcf7_locale\" value=\"fr_FR\" \/><input type=\"hidden\" name=\"_wpcf7_unit_tag\" value=\"wpcf7-f1877-o1\" \/><input type=\"hidden\" name=\"_wpcf7_container_post\" value=\"0\" \/><input type=\"hidden\" name=\"_wpcf7_posted_data_hash\" value=\"\" \/>\n<\/fieldset>\n<p><label> Nom*<br \/>\n<span class=\"wpcf7-form-control-wrap\" data-name=\"your-name\"><input size=\"40\" maxlength=\"400\" class=\"wpcf7-form-control wpcf7-text wpcf7-validates-as-required\" autocomplete=\"name\" aria-required=\"true\" aria-invalid=\"false\" value=\"\" type=\"text\" name=\"your-name\" \/><\/span> <\/label>\n<\/p>\n<p><label> Email*<br \/>\n<span class=\"wpcf7-form-control-wrap\" data-name=\"your-email\"><input size=\"40\" maxlength=\"400\" class=\"wpcf7-form-control wpcf7-email wpcf7-validates-as-required wpcf7-text wpcf7-validates-as-email\" autocomplete=\"email\" aria-required=\"true\" aria-invalid=\"false\" value=\"\" type=\"email\" name=\"your-email\" \/><\/span> <\/label>\n<\/p>\n<p><label> Object*<br \/>\n<span class=\"wpcf7-form-control-wrap\" data-name=\"your-subject\"><input size=\"40\" maxlength=\"400\" class=\"wpcf7-form-control wpcf7-text wpcf7-validates-as-required\" aria-required=\"true\" aria-invalid=\"false\" value=\"\" type=\"text\" name=\"your-subject\" \/><\/span> <\/label>\n<\/p>\n<p><label> Message*<br \/>\n<span class=\"wpcf7-form-control-wrap\" data-name=\"your-message\"><textarea cols=\"40\" rows=\"10\" maxlength=\"2000\" class=\"wpcf7-form-control wpcf7-textarea wpcf7-validates-as-required\" aria-required=\"true\" aria-invalid=\"false\" name=\"your-message\"><\/textarea><\/span> <\/label>\n<\/p>\n<p><label> <span class=\"wpcf7-form-control-wrap\" data-name=\"acceptance-368\"><span class=\"wpcf7-form-control wpcf7-acceptance\"><span class=\"wpcf7-list-item\"><label><input type=\"checkbox\" name=\"acceptance-368\" value=\"1\" aria-invalid=\"false\" \/><span class=\"wpcf7-list-item-label\">J'ai lu et j'accepte la politique de confidentialit\u00e9<\/span><\/label><\/span><\/span><\/span> <\/label>\n<\/p>\n<p><input class=\"wpcf7-form-control wpcf7-submit has-spinner\" type=\"submit\" value=\"Envoyer\" \/>\n<\/p><p style=\"display: none !important;\" class=\"akismet-fields-container\" data-prefix=\"_wpcf7_ak_\"><label>&#916;<textarea name=\"_wpcf7_ak_hp_textarea\" cols=\"45\" rows=\"8\" maxlength=\"100\"><\/textarea><\/label><input type=\"hidden\" id=\"ak_js_1\" name=\"_wpcf7_ak_js\" value=\"224\"\/><script>document.getElementById( \"ak_js_1\" ).setAttribute( \"value\", ( new Date() ).getTime() );<\/script><\/p><div class=\"wpcf7-response-output\" aria-hidden=\"true\"><\/div>\n<\/form>\n<\/div>\n[\/et_pb_code][\/et_pb_column][\/et_pb_row][et_pb_row column_structure=\u00a0\u00bb2_5,3_5&Prime; use_custom_gutter=\u00a0\u00bbon\u00a0\u00bb gutter_width=\u00a0\u00bb1&Prime; make_equal=\u00a0\u00bbon\u00a0\u00bb _builder_version=\u00a0\u00bb4.20.0&Prime; transform_translate_linked=\u00a0\u00bboff\u00a0\u00bb custom_margin=\u00a0\u00bb|auto|3px|auto||\u00a0\u00bb locked=\u00a0\u00bboff\u00a0\u00bb global_colors_info=\u00a0\u00bb{}\u00a0\u00bb][et_pb_column type=\u00a0\u00bb2_5&Prime; _builder_version=\u00a0\u00bb4.20.0&Prime; background_color=\u00a0\u00bb#00c6a8&Prime; background_enable_image=\u00a0\u00bboff\u00a0\u00bb background_size=\u00a0\u00bbinitial\u00a0\u00bb background_position=\u00a0\u00bbtop_left\u00a0\u00bb background_repeat=\u00a0\u00bbrepeat\u00a0\u00bb custom_padding=\u00a0\u00bb60px|60px|60px|60px|true|true\u00a0\u00bb custom_padding_tablet=\u00a0\u00bb50px|40px|50px|40px|true|true\u00a0\u00bb custom_padding_phone=\u00a0\u00bb30px||30px|20px|true|false\u00a0\u00bb custom_padding_last_edited=\u00a0\u00bbon|phone\u00a0\u00bb animation_style=\u00a0\u00bbslide\u00a0\u00bb animation_direction=\u00a0\u00bbleft\u00a0\u00bb animation_intensity_slide=\u00a0\u00bb5%\u00a0\u00bb box_shadow_style=\u00a0\u00bbpreset1&Prime; box_shadow_blur=\u00a0\u00bb54px\u00a0\u00bb box_shadow_spread=\u00a0\u00bb5px\u00a0\u00bb box_shadow_color=\u00a0\u00bbrgba(0,0,0,0.5)\u00a0\u00bb global_colors_info=\u00a0\u00bb{}\u00a0\u00bb][et_pb_text _builder_version=\u00a0\u00bb4.20.0&Prime; text_text_color=\u00a0\u00bbrgba(255,255,255,0.7)\u00a0\u00bb text_line_height=\u00a0\u00bb2em\u00a0\u00bb header_6_font=\u00a0\u00bbDomine|700|||||||\u00a0\u00bb header_6_text_color=\u00a0\u00bb#ffffff\u00a0\u00bb header_6_font_size=\u00a0\u00bb18px\u00a0\u00bb header_6_line_height=\u00a0\u00bb2em\u00a0\u00bb background_layout=\u00a0\u00bbdark\u00a0\u00bb locked=\u00a0\u00bboff\u00a0\u00bb global_colors_info=\u00a0\u00bb{}\u00a0\u00bb]<\/p>\n<h6>Adresse<\/h6>\n<p><strong>Sitges<\/strong><br \/>C\/ Pau Benazet 6, 1\u00b0 2\u00aa<\/p>\n<h6>Horaire d&rsquo;overture<\/h6>\n<p>Du lundi au vendredi de 10h00 \u00e0 20h00<br \/>Samedi de 10h00 \u00e0 20h00<br \/>Dimanche ferm\u00e9<\/p>\n<p>[\/et_pb_text][et_pb_divider color=\u00a0\u00bb#FFFFFF\u00a0\u00bb _builder_version=\u00a0\u00bb4.19.5&Prime; _module_preset=\u00a0\u00bbdefault\u00a0\u00bb custom_margin=\u00a0\u00bb20px||||false|false\u00a0\u00bb global_colors_info=\u00a0\u00bb{}\u00a0\u00bb][\/et_pb_divider][et_pb_blurb title=\u00a0\u00bb+34 658 05 98 17&Prime; url=\u00a0\u00bbtel:+34658059817&Prime; use_icon=\u00a0\u00bbon\u00a0\u00bb font_icon=\u00a0\u00bb&#xf3cd;||fa||900&Prime; icon_color=\u00a0\u00bb#FFFFFF\u00a0\u00bb icon_placement=\u00a0\u00bbleft\u00a0\u00bb image_icon_width=\u00a0\u00bb18px\u00a0\u00bb _builder_version=\u00a0\u00bb4.19.5&Prime; _module_preset=\u00a0\u00bbdefault\u00a0\u00bb header_text_color=\u00a0\u00bb#FFFFFF\u00a0\u00bb global_colors_info=\u00a0\u00bb{}\u00a0\u00bb][\/et_pb_blurb][et_pb_blurb title=\u00a0\u00bbinfo@sergiosanchezosteo.com\u00a0\u00bb url=\u00a0\u00bbmailto:info@sergiosanchezosteo.com\u00a0\u00bb use_icon=\u00a0\u00bbon\u00a0\u00bb font_icon=\u00a0\u00bb&#xf1d8;||fa||400&Prime; icon_color=\u00a0\u00bb#FFFFFF\u00a0\u00bb icon_placement=\u00a0\u00bbleft\u00a0\u00bb image_icon_width=\u00a0\u00bb16px\u00a0\u00bb _builder_version=\u00a0\u00bb4.19.5&Prime; _module_preset=\u00a0\u00bbdefault\u00a0\u00bb header_text_color=\u00a0\u00bb#FFFFFF\u00a0\u00bb global_colors_info=\u00a0\u00bb{}\u00a0\u00bb][\/et_pb_blurb][et_pb_social_media_follow icon_color=\u00a0\u00bb#00c6a8&Prime; use_icon_font_size=\u00a0\u00bbon\u00a0\u00bb icon_font_size_tablet=\u00a0\u00bb25px\u00a0\u00bb icon_font_size_phone=\u00a0\u00bb20px\u00a0\u00bb icon_font_size_last_edited=\u00a0\u00bboff|desktop\u00a0\u00bb _builder_version=\u00a0\u00bb4.19.5&Prime; background_enable_color=\u00a0\u00bboff\u00a0\u00bb transform_translate=\u00a0\u00bb0px|23px\u00a0\u00bb transform_translate_linked=\u00a0\u00bboff\u00a0\u00bb text_orientation=\u00a0\u00bbcenter\u00a0\u00bb border_radii=\u00a0\u00bbon|100px|100px|100px|100px\u00a0\u00bb global_colors_info=\u00a0\u00bb{}\u00a0\u00bb][et_pb_social_media_follow_network social_network=\u00a0\u00bbfacebook\u00a0\u00bb url=\u00a0\u00bbhttps:\/\/www.facebook.com\/osteopatiasergiosanchez\u00a0\u00bb _builder_version=\u00a0\u00bb4.19.5&Prime; background_color=\u00a0\u00bb#FFFFFF\u00a0\u00bb background_enable_color=\u00a0\u00bbon\u00a0\u00bb custom_margin=\u00a0\u00bb|4px||4px|false|true\u00a0\u00bb custom_padding=\u00a0\u00bb10px|10px|10px|10px|true|true\u00a0\u00bb global_colors_info=\u00a0\u00bb{}\u00a0\u00bb follow_button=\u00a0\u00bboff\u00a0\u00bb url_new_window=\u00a0\u00bbon\u00a0\u00bb]facebook[\/et_pb_social_media_follow_network][et_pb_social_media_follow_network social_network=\u00a0\u00bbinstagram\u00a0\u00bb url=\u00a0\u00bbhttps:\/\/www.instagram.com\/sergiosanchez.osteopata\/\u00a0\u00bb _builder_version=\u00a0\u00bb4.19.5&Prime; background_color=\u00a0\u00bb#FFFFFF\u00a0\u00bb background_enable_color=\u00a0\u00bbon\u00a0\u00bb custom_margin=\u00a0\u00bb|4px||4px|false|true\u00a0\u00bb custom_padding=\u00a0\u00bb10px|10px|10px|10px|true|true\u00a0\u00bb global_colors_info=\u00a0\u00bb{}\u00a0\u00bb follow_button=\u00a0\u00bboff\u00a0\u00bb url_new_window=\u00a0\u00bbon\u00a0\u00bb]instagram[\/et_pb_social_media_follow_network][\/et_pb_social_media_follow][\/et_pb_column][et_pb_column type=\u00a0\u00bb3_5&Prime; _builder_version=\u00a0\u00bb4.16&Prime; global_colors_info=\u00a0\u00bb{}\u00a0\u00bb][et_pb_code admin_label=\u00a0\u00bbMapa\u00a0\u00bb _builder_version=\u00a0\u00bb4.20.0&Prime; _module_preset=\u00a0\u00bbdefault\u00a0\u00bb animation_style=\u00a0\u00bbfade\u00a0\u00bb global_colors_info=\u00a0\u00bb{}\u00a0\u00bb]<iframe loading=\"lazy\" src=\"https:\/\/www.google.com\/maps\/d\/embed?mid=1c-NNjPADLn1pp1OK8V9ZvQgkJYtRjJw&#038;ehbc=2E312F\" width=\"640\" height=\"533\"><\/iframe>[\/et_pb_code][\/et_pb_column][\/et_pb_row][\/et_pb_section][et_pb_section fb_built=\u00a0\u00bb1&Prime; next_background_color=\u00a0\u00bb#000000&Prime; admin_label=\u00a0\u00bbLogos\u00a0\u00bb _builder_version=\u00a0\u00bb4.19.5&Prime; _module_preset=\u00a0\u00bbdefault\u00a0\u00bb custom_padding=\u00a0\u00bb8px||119px|||\u00a0\u00bb bottom_divider_style=\u00a0\u00bbwave2&Prime; global_colors_info=\u00a0\u00bb{}\u00a0\u00bb][et_pb_row _builder_version=\u00a0\u00bb4.19.5&Prime; _module_preset=\u00a0\u00bbdefault\u00a0\u00bb global_colors_info=\u00a0\u00bb{}\u00a0\u00bb][et_pb_column type=\u00a0\u00bb4_4&Prime; _builder_version=\u00a0\u00bb4.19.5&Prime; _module_preset=\u00a0\u00bbdefault\u00a0\u00bb global_colors_info=\u00a0\u00bb{}\u00a0\u00bb][et_pb_image src=\u00a0\u00bbhttps:\/\/www.sergiosanchezosteo.com\/wp-content\/uploads\/2023\/02\/Logo-digitalizadores_1240_RET.png\u00a0\u00bb alt=\u00a0\u00bbKit Digital&#8230;\u00a0\u00bb title_text=\u00a0\u00bbLogo-digitalizadores_1240_RET\u00a0\u00bb align=\u00a0\u00bbcenter\u00a0\u00bb admin_label=\u00a0\u00bbLogos\u00a0\u00bb _builder_version=\u00a0\u00bb4.20.0&Prime; _module_preset=\u00a0\u00bbdefault\u00a0\u00bb animation_style=\u00a0\u00bbfade\u00a0\u00bb global_colors_info=\u00a0\u00bb{}\u00a0\u00bb][\/et_pb_image][\/et_pb_column][\/et_pb_row][\/et_pb_section]<\/p>\n","protected":false},"excerpt":{"rendered":"<p>ContactContact pour un rendez-vous avec Sergio S\u00e1nchez\n<div class=\"wpcf7 no-js\" id=\"wpcf7-f1877-o2\" lang=\"fr-FR\" dir=\"ltr\" data-wpcf7-id=\"1877\">\n<div class=\"screen-reader-response\"><p role=\"status\" aria-live=\"polite\" aria-atomic=\"true\"><\/p> <ul><\/ul><\/div>\n<form action=\"\/fr\/wp-json\/wp\/v2\/pages\/1601#wpcf7-f1877-o2\" method=\"post\" class=\"wpcf7-form init\" aria-label=\"Formulaire de contact\" novalidate=\"novalidate\" data-status=\"init\">\n<fieldset class=\"hidden-fields-container\"><input type=\"hidden\" name=\"_wpcf7\" value=\"1877\" \/><input type=\"hidden\" name=\"_wpcf7_version\" value=\"6.1.5\" \/><input type=\"hidden\" name=\"_wpcf7_locale\" value=\"fr_FR\" \/><input type=\"hidden\" name=\"_wpcf7_unit_tag\" value=\"wpcf7-f1877-o2\" \/><input type=\"hidden\" name=\"_wpcf7_container_post\" value=\"0\" \/><input type=\"hidden\" name=\"_wpcf7_posted_data_hash\" value=\"\" \/>\n<\/fieldset>\n<p><label> Nom*<br \/>\n<span class=\"wpcf7-form-control-wrap\" data-name=\"your-name\"><input size=\"40\" maxlength=\"400\" class=\"wpcf7-form-control wpcf7-text wpcf7-validates-as-required\" autocomplete=\"name\" aria-required=\"true\" aria-invalid=\"false\" value=\"\" type=\"text\" name=\"your-name\" \/><\/span> <\/label>\n<\/p>\n<p><label> Email*<br \/>\n<span class=\"wpcf7-form-control-wrap\" data-name=\"your-email\"><input size=\"40\" maxlength=\"400\" class=\"wpcf7-form-control wpcf7-email wpcf7-validates-as-required wpcf7-text wpcf7-validates-as-email\" autocomplete=\"email\" aria-required=\"true\" aria-invalid=\"false\" value=\"\" type=\"email\" name=\"your-email\" \/><\/span> <\/label>\n<\/p>\n<p><label> Object*<br \/>\n<span class=\"wpcf7-form-control-wrap\" data-name=\"your-subject\"><input size=\"40\" maxlength=\"400\" class=\"wpcf7-form-control wpcf7-text wpcf7-validates-as-required\" aria-required=\"true\" aria-invalid=\"false\" value=\"\" type=\"text\" name=\"your-subject\" \/><\/span> <\/label>\n<\/p>\n<p><label> Message*<br \/>\n<span class=\"wpcf7-form-control-wrap\" data-name=\"your-message\"><textarea cols=\"40\" rows=\"10\" maxlength=\"2000\" class=\"wpcf7-form-control wpcf7-textarea wpcf7-validates-as-required\" aria-required=\"true\" aria-invalid=\"false\" name=\"your-message\"><\/textarea><\/span> <\/label>\n<\/p>\n<p><label> <span class=\"wpcf7-form-control-wrap\" data-name=\"acceptance-368\"><span class=\"wpcf7-form-control wpcf7-acceptance\"><span class=\"wpcf7-list-item\"><label><input type=\"checkbox\" name=\"acceptance-368\" value=\"1\" aria-invalid=\"false\" \/><span class=\"wpcf7-list-item-label\">J'ai lu et j'accepte la politique de confidentialit\u00e9<\/span><\/label><\/span><\/span><\/span> <\/label>\n<\/p>\n<p><input class=\"wpcf7-form-control wpcf7-submit has-spinner\" type=\"submit\" value=\"Envoyer\" \/>\n<\/p><p style=\"display: none !important;\" class=\"akismet-fields-container\" data-prefix=\"_wpcf7_ak_\"><label>&#916;<textarea name=\"_wpcf7_ak_hp_textarea\" cols=\"45\" rows=\"8\" maxlength=\"100\"><\/textarea><\/label><input type=\"hidden\" id=\"ak_js_2\" name=\"_wpcf7_ak_js\" value=\"49\"\/><script>document.getElementById( \"ak_js_2\" ).setAttribute( \"value\", ( new Date() ).getTime() );<\/script><\/p><div class=\"wpcf7-response-output\" aria-hidden=\"true\"><\/div>\n<\/form>\n<\/div>\nAdresse SitgesC\/ Pau Benazet 6, 1\u00b0 2\u00aa Horaire d&rsquo;overture Du lundi au vendredi de 10h00 \u00e0 20h00Samedi de 10h00 \u00e0 20h00Dimanche ferm\u00e9<\/p>\n","protected":false},"author":1,"featured_media":0,"parent":0,"menu_order":0,"comment_status":"closed","ping_status":"closed","template":"","meta":{"_et_pb_use_builder":"on","_et_pb_old_content":"","_et_gb_content_width":"","_joinchat":[],"footnotes":""},"class_list":["post-1601","page","type-page","status-publish","hentry"],"yoast_head":"<!-- This site is optimized with the Yoast SEO plugin v27.3 - https:\/\/yoast.com\/product\/yoast-seo-wordpress\/ -->\n<title>Contact - Massages et Ost\u00e9opathe Sitges<\/title>\n<meta name=\"robots\" content=\"index, follow, max-snippet:-1, max-image-preview:large, max-video-preview:-1\" \/>\n<link rel=\"canonical\" href=\"https:\/\/www.sergiosanchezosteo.com\/fr\/contact\/\" \/>\n<meta property=\"og:locale\" content=\"fr_FR\" \/>\n<meta property=\"og:type\" content=\"article\" \/>\n<meta property=\"og:title\" content=\"Contact - Massages et Ost\u00e9opathe Sitges\" \/>\n<meta property=\"og:description\" content=\"ContactContact pour un rendez-vous avec Sergio S\u00e1nchezAdresse SitgesC\/ Pau Benazet 6, 1\u00b0 2\u00aa Horaire d&#039;overture Du lundi au vendredi de 10h00 \u00e0 20h00Samedi de 10h00 \u00e0 20h00Dimanche ferm\u00e9\" \/>\n<meta property=\"og:url\" content=\"https:\/\/www.sergiosanchezosteo.com\/fr\/contact\/\" \/>\n<meta property=\"og:site_name\" content=\"Massages et Ost\u00e9opathe Sitges\" \/>\n<meta property=\"article:publisher\" content=\"https:\/\/www.facebook.com\/osteopatiasergiosanchez\" \/>\n<meta property=\"article:modified_time\" content=\"2023-03-23T16:43:03+00:00\" \/>\n<meta property=\"og:image\" content=\"https:\/\/www.sergiosanchezosteo.com\/wp-content\/uploads\/2023\/02\/img_yoast.jpg\" \/>\n\t<meta property=\"og:image:width\" content=\"1200\" \/>\n\t<meta property=\"og:image:height\" content=\"675\" \/>\n\t<meta property=\"og:image:type\" content=\"image\/jpeg\" \/>\n<meta name=\"twitter:card\" content=\"summary_large_image\" \/>\n<meta name=\"twitter:label1\" content=\"Dur\u00e9e de lecture estim\u00e9e\" \/>\n\t<meta name=\"twitter:data1\" content=\"2 minutes\" \/>\n<script type=\"application\/ld+json\" class=\"yoast-schema-graph\">{\"@context\":\"https:\\\/\\\/schema.org\",\"@graph\":[{\"@type\":\"WebPage\",\"@id\":\"https:\\\/\\\/www.sergiosanchezosteo.com\\\/fr\\\/contact\\\/\",\"url\":\"https:\\\/\\\/www.sergiosanchezosteo.com\\\/fr\\\/contact\\\/\",\"name\":\"Contact - Massages et Ost\u00e9opathe Sitges\",\"isPartOf\":{\"@id\":\"https:\\\/\\\/www.sergiosanchezosteo.com\\\/fr\\\/#website\"},\"datePublished\":\"2023-02-06T11:34:01+00:00\",\"dateModified\":\"2023-03-23T16:43:03+00:00\",\"breadcrumb\":{\"@id\":\"https:\\\/\\\/www.sergiosanchezosteo.com\\\/fr\\\/contact\\\/#breadcrumb\"},\"inLanguage\":\"fr-FR\",\"potentialAction\":[{\"@type\":\"ReadAction\",\"target\":[\"https:\\\/\\\/www.sergiosanchezosteo.com\\\/fr\\\/contact\\\/\"]}]},{\"@type\":\"BreadcrumbList\",\"@id\":\"https:\\\/\\\/www.sergiosanchezosteo.com\\\/fr\\\/contact\\\/#breadcrumb\",\"itemListElement\":[{\"@type\":\"ListItem\",\"position\":1,\"name\":\"Portada\",\"item\":\"https:\\\/\\\/www.sergiosanchezosteo.com\\\/fr\\\/accueil\\\/\"},{\"@type\":\"ListItem\",\"position\":2,\"name\":\"Contact\"}]},{\"@type\":\"WebSite\",\"@id\":\"https:\\\/\\\/www.sergiosanchezosteo.com\\\/fr\\\/#website\",\"url\":\"https:\\\/\\\/www.sergiosanchezosteo.com\\\/fr\\\/\",\"name\":\"Massages et Ost\u00e9opathe Sitges\",\"description\":\"Sitges massage, Massages Sitges, Ost\u00e9opathe Sitges, Ost\u00e9opathie Sitges\",\"publisher\":{\"@id\":\"https:\\\/\\\/www.sergiosanchezosteo.com\\\/fr\\\/#\\\/schema\\\/person\\\/4ce56309060f1d0b708102aaacab596b\"},\"alternateName\":\"Osteopat\u00eda y Masajes\",\"potentialAction\":[{\"@type\":\"SearchAction\",\"target\":{\"@type\":\"EntryPoint\",\"urlTemplate\":\"https:\\\/\\\/www.sergiosanchezosteo.com\\\/fr\\\/?s={search_term_string}\"},\"query-input\":{\"@type\":\"PropertyValueSpecification\",\"valueRequired\":true,\"valueName\":\"search_term_string\"}}],\"inLanguage\":\"fr-FR\"},{\"@type\":[\"Person\",\"Organization\"],\"@id\":\"https:\\\/\\\/www.sergiosanchezosteo.com\\\/fr\\\/#\\\/schema\\\/person\\\/4ce56309060f1d0b708102aaacab596b\",\"name\":\"Sergio Sanchez\",\"image\":{\"@type\":\"ImageObject\",\"inLanguage\":\"fr-FR\",\"@id\":\"https:\\\/\\\/www.sergiosanchezosteo.com\\\/wp-content\\\/uploads\\\/2023\\\/01\\\/logo_400.jpg\",\"url\":\"https:\\\/\\\/www.sergiosanchezosteo.com\\\/wp-content\\\/uploads\\\/2023\\\/01\\\/logo_400.jpg\",\"contentUrl\":\"https:\\\/\\\/www.sergiosanchezosteo.com\\\/wp-content\\\/uploads\\\/2023\\\/01\\\/logo_400.jpg\",\"width\":400,\"height\":128,\"caption\":\"Sergio Sanchez\"},\"logo\":{\"@id\":\"https:\\\/\\\/www.sergiosanchezosteo.com\\\/wp-content\\\/uploads\\\/2023\\\/01\\\/logo_400.jpg\"},\"sameAs\":[\"https:\\\/\\\/www.facebook.com\\\/osteopatiasergiosanchez\",\"https:\\\/\\\/www.instagram.com\\\/sergiosanchez.osteopata\\\/\"]}]}<\/script>\n<!-- \/ Yoast SEO plugin. -->","yoast_head_json":{"title":"Contact - Massages et Ost\u00e9opathe Sitges","robots":{"index":"index","follow":"follow","max-snippet":"max-snippet:-1","max-image-preview":"max-image-preview:large","max-video-preview":"max-video-preview:-1"},"canonical":"https:\/\/www.sergiosanchezosteo.com\/fr\/contact\/","og_locale":"fr_FR","og_type":"article","og_title":"Contact - Massages et Ost\u00e9opathe Sitges","og_description":"ContactContact pour un rendez-vous avec Sergio S\u00e1nchezAdresse SitgesC\/ Pau Benazet 6, 1\u00b0 2\u00aa Horaire d'overture Du lundi au vendredi de 10h00 \u00e0 20h00Samedi de 10h00 \u00e0 20h00Dimanche ferm\u00e9","og_url":"https:\/\/www.sergiosanchezosteo.com\/fr\/contact\/","og_site_name":"Massages et Ost\u00e9opathe Sitges","article_publisher":"https:\/\/www.facebook.com\/osteopatiasergiosanchez","article_modified_time":"2023-03-23T16:43:03+00:00","og_image":[{"width":1200,"height":675,"url":"https:\/\/www.sergiosanchezosteo.com\/wp-content\/uploads\/2023\/02\/img_yoast.jpg","type":"image\/jpeg"}],"twitter_card":"summary_large_image","twitter_misc":{"Dur\u00e9e de lecture estim\u00e9e":"2 minutes"},"schema":{"@context":"https:\/\/schema.org","@graph":[{"@type":"WebPage","@id":"https:\/\/www.sergiosanchezosteo.com\/fr\/contact\/","url":"https:\/\/www.sergiosanchezosteo.com\/fr\/contact\/","name":"Contact - Massages et Ost\u00e9opathe Sitges","isPartOf":{"@id":"https:\/\/www.sergiosanchezosteo.com\/fr\/#website"},"datePublished":"2023-02-06T11:34:01+00:00","dateModified":"2023-03-23T16:43:03+00:00","breadcrumb":{"@id":"https:\/\/www.sergiosanchezosteo.com\/fr\/contact\/#breadcrumb"},"inLanguage":"fr-FR","potentialAction":[{"@type":"ReadAction","target":["https:\/\/www.sergiosanchezosteo.com\/fr\/contact\/"]}]},{"@type":"BreadcrumbList","@id":"https:\/\/www.sergiosanchezosteo.com\/fr\/contact\/#breadcrumb","itemListElement":[{"@type":"ListItem","position":1,"name":"Portada","item":"https:\/\/www.sergiosanchezosteo.com\/fr\/accueil\/"},{"@type":"ListItem","position":2,"name":"Contact"}]},{"@type":"WebSite","@id":"https:\/\/www.sergiosanchezosteo.com\/fr\/#website","url":"https:\/\/www.sergiosanchezosteo.com\/fr\/","name":"Massages et Ost\u00e9opathe Sitges","description":"Sitges massage, Massages Sitges, Ost\u00e9opathe Sitges, Ost\u00e9opathie Sitges","publisher":{"@id":"https:\/\/www.sergiosanchezosteo.com\/fr\/#\/schema\/person\/4ce56309060f1d0b708102aaacab596b"},"alternateName":"Osteopat\u00eda y Masajes","potentialAction":[{"@type":"SearchAction","target":{"@type":"EntryPoint","urlTemplate":"https:\/\/www.sergiosanchezosteo.com\/fr\/?s={search_term_string}"},"query-input":{"@type":"PropertyValueSpecification","valueRequired":true,"valueName":"search_term_string"}}],"inLanguage":"fr-FR"},{"@type":["Person","Organization"],"@id":"https:\/\/www.sergiosanchezosteo.com\/fr\/#\/schema\/person\/4ce56309060f1d0b708102aaacab596b","name":"Sergio Sanchez","image":{"@type":"ImageObject","inLanguage":"fr-FR","@id":"https:\/\/www.sergiosanchezosteo.com\/wp-content\/uploads\/2023\/01\/logo_400.jpg","url":"https:\/\/www.sergiosanchezosteo.com\/wp-content\/uploads\/2023\/01\/logo_400.jpg","contentUrl":"https:\/\/www.sergiosanchezosteo.com\/wp-content\/uploads\/2023\/01\/logo_400.jpg","width":400,"height":128,"caption":"Sergio Sanchez"},"logo":{"@id":"https:\/\/www.sergiosanchezosteo.com\/wp-content\/uploads\/2023\/01\/logo_400.jpg"},"sameAs":["https:\/\/www.facebook.com\/osteopatiasergiosanchez","https:\/\/www.instagram.com\/sergiosanchez.osteopata\/"]}]}},"_links":{"self":[{"href":"https:\/\/www.sergiosanchezosteo.com\/fr\/wp-json\/wp\/v2\/pages\/1601","targetHints":{"allow":["GET"]}}],"collection":[{"href":"https:\/\/www.sergiosanchezosteo.com\/fr\/wp-json\/wp\/v2\/pages"}],"about":[{"href":"https:\/\/www.sergiosanchezosteo.com\/fr\/wp-json\/wp\/v2\/types\/page"}],"author":[{"embeddable":true,"href":"https:\/\/www.sergiosanchezosteo.com\/fr\/wp-json\/wp\/v2\/users\/1"}],"replies":[{"embeddable":true,"href":"https:\/\/www.sergiosanchezosteo.com\/fr\/wp-json\/wp\/v2\/comments?post=1601"}],"version-history":[{"count":6,"href":"https:\/\/www.sergiosanchezosteo.com\/fr\/wp-json\/wp\/v2\/pages\/1601\/revisions"}],"predecessor-version":[{"id":2454,"href":"https:\/\/www.sergiosanchezosteo.com\/fr\/wp-json\/wp\/v2\/pages\/1601\/revisions\/2454"}],"wp:attachment":[{"href":"https:\/\/www.sergiosanchezosteo.com\/fr\/wp-json\/wp\/v2\/media?parent=1601"}],"curies":[{"name":"wp","href":"https:\/\/api.w.org\/{rel}","templated":true}]}}