{"id":1800,"date":"2023-02-20T12:10:19","date_gmt":"2023-02-20T11:10:19","guid":{"rendered":"https:\/\/www.sergiosanchezosteo.com\/politique-de-cookies-2\/"},"modified":"2023-05-17T13:51:06","modified_gmt":"2023-05-17T11:51:06","slug":"politique-de-cookies-2","status":"publish","type":"page","link":"https:\/\/www.sergiosanchezosteo.com\/fr\/politique-de-cookies-2\/","title":{"rendered":"Politique de Cookies"},"content":{"rendered":"<h2>Que sont les cookies?<\/h2>\n<p>En anglais, le terme \u00ab\u00a0cookie\u00a0\u00bb signifie biscuit, mais dans le domaine de la navigation sur le Web, un \u00ab\u00a0cookie\u00a0\u00bb est tout autre chose. Lorsque vous acc\u00e9dez \u00e0 notre site Web, une petite quantit\u00e9 de texte appel\u00e9e \u00ab\u00a0cookie\u00a0\u00bb est stock\u00e9e sur le navigateur de votre appareil. Ce texte contient diverses informations sur votre navigation, habitudes, pr\u00e9f\u00e9rences, personnalisations de contenus, etc&#8230;<\/p>\n<p>Il existe d&rsquo;autres technologies qui fonctionnent de mani\u00e8re similaire et sont \u00e9galement utilis\u00e9es pour collecter des donn\u00e9es sur votre activit\u00e9 de navigation. Nous appellerons collectivement toutes ces technologies \u00ab cookies \u00bb.<\/p>\n<p>Les utilisations sp\u00e9cifiques que nous faisons de ces technologies sont d\u00e9crites dans ce document.<\/p>\n<h2>A quoi servent les cookies sur ce site?<\/h2>\n<p>Les cookies sont une partie essentielle du fonctionnement du site Web. Le but principal de nos cookies est d&rsquo;am\u00e9liorer votre exp\u00e9rience de navigation. Par exemple, pour m\u00e9moriser vos pr\u00e9f\u00e9rences (langue, pays, etc.) lors de la navigation et lors de visites ult\u00e9rieures. Les informations collect\u00e9es dans les cookies nous permettent \u00e9galement d&rsquo;am\u00e9liorer le site, de l&rsquo;adapter \u00e0 vos centres d&rsquo;int\u00e9r\u00eat en tant qu&rsquo;utilisateur, d&rsquo;acc\u00e9l\u00e9rer vos recherches, etc.<\/p>\n<p>Dans certains cas, si nous avons obtenu votre consentement pr\u00e9alable en connaissance de cause, nous pouvons utiliser des cookies \u00e0 d&rsquo;autres fins, par exemple pour obtenir des informations nous permettant de vous montrer des publicit\u00e9s bas\u00e9es sur l&rsquo;analyse de vos habitudes de navigation.<\/p>\n<h2>\u00c0 quoi ne servent PAS les cookies sur ce site?<\/h2>\n<p>Les cookies que nous utilisons ne stockent pas d&rsquo;informations d&rsquo;identification personnelles sensibles telles que votre nom, adresse, mot de passe, etc&#8230;<\/p>\n<h2>Qui utilise les informations stock\u00e9es dans les cookies?<\/h2>\n<p>Les informations stock\u00e9es dans les cookies sur notre site Web sont utilis\u00e9es exclusivement par nous, \u00e0 l&rsquo;exception de ceux identifi\u00e9s ci-dessous comme \u00ab\u00a0cookies tiers\u00a0\u00bb, qui sont utilis\u00e9s et g\u00e9r\u00e9s par des entit\u00e9s externes qui nous fournissent des services qui am\u00e9liorent l&rsquo;exp\u00e9rience utilisateur. Par exemple, les statistiques qui sont collect\u00e9es sur le nombre de visites, le contenu le plus aim\u00e9, etc&#8230; sont g\u00e9n\u00e9ralement g\u00e9r\u00e9es par Google Analytics.<\/p>\n<h2>Comment pouvez-vous \u00e9viter l&rsquo;utilisation de cookies sur ce site Web?<\/h2>\n<p>Si vous pr\u00e9f\u00e9rez \u00e9viter l&rsquo;utilisation de cookies, vous pouvez REFUSER leur utilisation ou vous pouvez CONFIGURER ceux que vous souhaitez \u00e9viter et ceux que vous autorisez \u00e0 utiliser (dans ce document, nous vous donnons des informations d\u00e9taill\u00e9es sur chaque type de cookie, son objectif, destinataire, temporalit\u00e9, etc.. ).<\/p>\n<p>Si vous les avez accept\u00e9s, nous ne vous redemanderons pas sauf si vous supprimez les cookies de votre appareil comme indiqu\u00e9 dans la section suivante. Si vous souhaitez r\u00e9voquer le consentement, vous devrez supprimer les cookies et les configurer \u00e0 nouveau.<\/p>\n<h2>Comment d\u00e9sactiver et \u00e9liminer l&rsquo;utilisation des cookies?<\/h2>\n<p>Le propri\u00e9taire affiche des informations sur sa politique de cookies dans la banni\u00e8re de cookies accessible sur toutes les pages du site Web. Le bandeau cookie affiche des informations essentielles sur le traitement des donn\u00e9es et permet \u00e0 l&rsquo;Utilisateur d&rsquo;effectuer les actions suivantes :<\/p>\n<p>&nbsp;<\/p>\n<ul>\n<li>ACCEPTER ou REFUSER l&rsquo;installation de cookies, ou retirer le consentement pr\u00e9c\u00e9demment accord\u00e9.<\/li>\n<li>Obtenez des informations suppl\u00e9mentaires sur la page <a title=\"Politique de Cookies\" href=\"\/fr\/politica-de-cookies\/\">Politique de cookies<\/a>.<\/li>\n<\/ul>\n<p>&nbsp;<\/p>\n<p>Vous pouvez restreindre, bloquer ou supprimer les cookies de ce site Web (et ceux utilis\u00e9s par des tiers) \u00e0 tout moment en modifiant les param\u00e8tres de votre navigateur. Veuillez noter que ce param\u00e8tre est diff\u00e9rent dans chaque navigateur.<\/p>\n<p>Dans les liens suivants, vous trouverez des instructions pour activer ou d\u00e9sactiver les cookies dans les navigateurs les plus courants.<\/p>\n<p>&nbsp;<\/p>\n<ul>\n<li><a title=\"Firefox\" href=\"http:\/\/support.mozilla.org\/es\/kb\/habilitar-y-deshabilitar-cookies-que-los-sitios-we\" target=\"_blank\" rel=\"nofollow noopener\">Firefox<\/a><\/li>\n<li><a title=\"Google Chrome\" href=\"https:\/\/support.google.com\/chrome\/answer\/95647?hl=es\" target=\"_blank\" rel=\"noopener noreferrer nofollow\">Google Chrome<\/a><\/li>\n<li><a title=\"Internet Explorer\" href=\"https:\/\/support.microsoft.com\/es-es\/help\/17442\/windows-internet-explorer-delete-manage-cookies#ie=%22ie-10\" target=\"_blank\" rel=\"noopener noreferrer nofollow\">Internet Explorer<\/a><\/li>\n<li><a title=\"Microsoft Edge\" href=\"https:\/\/support.microsoft.com\/es-es\/help\/4468242\/microsoft-edge-browsing-data-and-privacy\" target=\"_blank\" rel=\"noopener noreferrer nofollow\">Microsoft Edge<\/a><\/li>\n<li><a title=\"Safari\" href=\"http:\/\/support.apple.com\/kb\/HT1677?viewlocale=es_ES\" target=\"_blank\" rel=\"nofollow noopener\">Safari<\/a><\/li>\n<\/ul>\n<p>&nbsp;<\/p>\n<h2>Quels types de cookies sont utilis\u00e9s sur ce site Web?<\/h2>\n<p>Chaque page Web utilise ses propres cookies. Sur notre site Web, nous utilisons les \u00e9l\u00e9ments suivants :<\/p>\n<p><b>SELON L&rsquo;ENTIT\u00c9 QUI LE G\u00c8RE<\/b><\/p>\n<p><b>Cookies propres :<\/b><\/p>\n<p>Ce sont ceux qui sont envoy\u00e9s sur l&rsquo;\u00e9quipement terminal de l&rsquo;Utilisateur \u00e0 partir d&rsquo;un ordinateur ou d&rsquo;un domaine g\u00e9r\u00e9 par l&rsquo;\u00e9diteur lui-m\u00eame et \u00e0 partir duquel le service demand\u00e9 par l&rsquo;Utilisateur est fourni.<\/p>\n<p><b>Cookies tiers :<\/b><\/p>\n<p>Ce sont ceux qui sont envoy\u00e9s \u00e0 l&rsquo;\u00e9quipement terminal de l&rsquo;Utilisateur \u00e0 partir d&rsquo;un ordinateur ou d&rsquo;un domaine qui n&rsquo;est pas g\u00e9r\u00e9 par l&rsquo;\u00e9diteur, mais par une autre entit\u00e9 qui traite les donn\u00e9es obtenues gr\u00e2ce aux cookies.<\/p>\n<p>Dans le cas o\u00f9 les cookies sont servis \u00e0 partir d&rsquo;un ordinateur ou d&rsquo;un domaine g\u00e9r\u00e9 par l&rsquo;\u00e9diteur lui-m\u00eame, mais que les informations collect\u00e9es par leur interm\u00e9diaire sont g\u00e9r\u00e9es par un tiers, ils ne peuvent pas \u00eatre consid\u00e9r\u00e9s comme des cookies propres si le tiers les utilise \u00e0 ses propres fins.( par exemple, l&rsquo;am\u00e9lioration des services qu&rsquo;elle fournit ou la fourniture de services publicitaires en faveur d&rsquo;autres entit\u00e9s).<\/p>\n<p><b>SELON SON BUT<\/b><\/p>\n<p><b>Cookies techniques :<\/b><\/p>\n<p>Il s&rsquo;agit de celles n\u00e9cessaires \u00e0 la navigation et au bon fonctionnement de notre Site, telles que, par exemple, contr\u00f4ler le trafic et la communication des donn\u00e9es, identifier la session, acc\u00e9der \u00e0 des parties d&rsquo;acc\u00e8s restreint, effectuer la demande d&rsquo;inscription ou de participation \u00e0 un \u00e9v\u00e9nement, compter les visites pour dans le but de facturer des licences logicielles avec lesquelles fonctionne le service du Site, d&rsquo;utiliser des \u00e9l\u00e9ments de s\u00e9curit\u00e9 lors de la navigation, de stocker des contenus pour la diffusion de vid\u00e9os ou de sons, de permettre des contenus dynamiques (par exemple, animation ou chargement d&rsquo;un texte ou d&rsquo;une image) ou de partager des contenus via les r\u00e9seaux sociaux .<\/p>\n<p><b>Cookies d&rsquo;analyse :<\/b><\/p>\n<p>Ils permettent de quantifier le nombre d&rsquo;utilisateurs et ainsi de r\u00e9aliser la mesure et l&rsquo;analyse statistique de l&rsquo;utilisation faite par les utilisateurs du Site.<\/p>\n<p><b>Cookies de pr\u00e9f\u00e9rences ou de personnalisation :<\/b><\/p>\n<p>Ce sont ceux qui permettent de m\u00e9moriser des informations permettant \u00e0 l&rsquo;Utilisateur d&rsquo;acc\u00e9der au service avec certaines caract\u00e9ristiques pouvant diff\u00e9rencier son exp\u00e9rience de celle des autres utilisateurs, comme par exemple la langue, le nombre de r\u00e9sultats \u00e0 afficher lorsque l&rsquo;Utilisateur effectue une recherche, l&rsquo;apparence ou le contenu du service en fonction du type de navigateur par lequel l&rsquo;utilisateur acc\u00e8de au service ou de la r\u00e9gion \u00e0 partir de laquelle l&rsquo;utilisateur acc\u00e8de au service, etc.<\/p>\n<p><b>SELON LA P\u00c9RIODE DE TEMPS QU&rsquo;ILS RESTENT ACTIV\u00c9S<\/b><\/p>\n<p><b>Cookies de sessions :<\/b><\/p>\n<p>Ce sont ceux con\u00e7us pour collecter et stocker des donn\u00e9es pendant que l&rsquo;utilisateur acc\u00e8de \u00e0 une page Web.<\/p>\n<p>Ils sont g\u00e9n\u00e9ralement utilis\u00e9s pour stocker des informations qui ne sont int\u00e9ressantes \u00e0 conserver que pour la fourniture du service demand\u00e9 par l&rsquo;Utilisateur en une seule fois (par exemple, une liste de produits achet\u00e9s) et disparaissent \u00e0 la fin de la session.<\/p>\n<p><b>Cookies persistants :<\/b><\/p>\n<p>Ce sont celles dont les donn\u00e9es sont encore stock\u00e9es dans le terminal et peuvent \u00eatre consult\u00e9es et trait\u00e9es pendant une dur\u00e9e d\u00e9finie par le responsable du cookie, qui peut aller de quelques minutes \u00e0 plusieurs ann\u00e9es. \u00c0 cet \u00e9gard, il convient d&rsquo;\u00e9valuer sp\u00e9cifiquement si l&rsquo;utilisation de cookies persistants est n\u00e9cessaire, car les risques pour la vie priv\u00e9e pourraient \u00eatre r\u00e9duits en utilisant des cookies de session. Dans tous les cas, lorsque des cookies persistants sont install\u00e9s, il est recommand\u00e9 de r\u00e9duire leur dur\u00e9e temporaire au minimum n\u00e9cessaire, compte tenu de la finalit\u00e9 de leur utilisation. A ces fins, l&rsquo;Avis 4\/2012 du GT29 indiquait que pour qu&rsquo;un cookie soit exempt\u00e9 de l&rsquo;obligation de consentement \u00e9clair\u00e9, son expiration doit \u00eatre li\u00e9e \u00e0 sa finalit\u00e9. Pour cette raison, les cookies de session sont beaucoup plus susceptibles d&rsquo;\u00eatre consid\u00e9r\u00e9s comme des exceptions que les persistants.<\/p>\n<p><b>D\u00e9tails des cookies utilis\u00e9s sur ce site :<\/b><\/p>\n<div>\n<ul>\n<li style=\"list-style-type: none;\">\n<ul>\n<li><strong>PHPSESSID<\/strong><br \/>\nCookie g\u00e9n\u00e9r\u00e9 par des applications bas\u00e9es sur le langage PHP. Il s&rsquo;agit d&rsquo;un identifiant \u00e0 usage g\u00e9n\u00e9ral utilis\u00e9 pour g\u00e9rer les variables de session utilisateur. Il s&rsquo;agit normalement d&rsquo;un num\u00e9ro g\u00e9n\u00e9r\u00e9 al\u00e9atoirement, la fa\u00e7on dont il est utilis\u00e9 peut \u00eatre sp\u00e9cifique au site, mais un bon exemple est le maintien d&rsquo;un statut connect\u00e9 pour un utilisateur entre les pages.<br \/>\nCat\u00e9gorie : Fonctionnel.<br \/>\nDur\u00e9e : S\u00e9ances.<br \/>\nPolitique de confidentialit\u00e9: <a title=\"https:\/\/www.php.net\/privacy.php\" href=\"https:\/\/www.php.net\/privacy.php\" target=\"_blank\" rel=\"noopener noreferrer\">https:\/\/www.php.net\/privacy.php<\/a><\/li>\n<\/ul>\n<\/li>\n<\/ul>\n<ul>\n<li style=\"list-style-type: none;\">\n<ul>\n<li><strong>XSRF-TOKEN<\/strong><br \/>\nCe cookie est \u00e9crit pour aider \u00e0 la s\u00e9curit\u00e9 du site en emp\u00eachant les attaques Cross-Site Request Forgery.<br \/>\nCat\u00e9gorie : Fonctionnel.<br \/>\nDur\u00e9e : S\u00e9ance.<br \/>\nPolitique de confidentialit\u00e9: None<\/li>\n<\/ul>\n<\/li>\n<\/ul>\n<ul>\n<li style=\"list-style-type: none;\">\n<ul>\n<li><strong>consent-policy<\/strong><\/li>\n<\/ul>\n<\/li>\n<\/ul>\n<ul>\n<li style=\"list-style-type: none;\">\n<ul>\n<li><strong>et-editor-available-post-1583-bb<\/strong><\/li>\n<\/ul>\n<\/li>\n<\/ul>\n<ul>\n<li style=\"list-style-type: none;\">\n<ul>\n<li><strong>et-editor-available-post-1585-bb<\/strong><\/li>\n<\/ul>\n<\/li>\n<\/ul>\n<ul>\n<li style=\"list-style-type: none;\">\n<ul>\n<li><strong>et-editor-available-post-1587-bb<\/strong><\/li>\n<\/ul>\n<\/li>\n<\/ul>\n<ul>\n<li style=\"list-style-type: none;\">\n<ul>\n<li><strong>et-editor-available-post-270-fb<\/strong><\/li>\n<\/ul>\n<\/li>\n<\/ul>\n<ul>\n<li style=\"list-style-type: none;\">\n<ul>\n<li><strong>et-pb-recent-items-colors<\/strong><\/li>\n<\/ul>\n<\/li>\n<\/ul>\n<ul>\n<li style=\"list-style-type: none;\">\n<ul>\n<li><strong>et-pb-recent-items-font_family<\/strong><\/li>\n<\/ul>\n<\/li>\n<\/ul>\n<ul>\n<li style=\"list-style-type: none;\"><\/li>\n<\/ul>\n<ul>\n<li style=\"list-style-type: none;\">\n<ul>\n<li><strong>wordpress_test_cookie<\/strong><br \/>\nCookie d\u00e9fini par WordPress pour v\u00e9rifier si les cookies sont activ\u00e9s sur le navigateur afin de fournir une exp\u00e9rience utilisateur appropri\u00e9e aux utilisateurs<br \/>\nCat\u00e9gorie : Fonctionnel.<br \/>\nDur\u00e9e : session.<br \/>\nPolitique de confidentialit\u00e9: N\/A<\/li>\n<\/ul>\n<\/li>\n<\/ul>\n<ul>\n<li style=\"list-style-type: none;\">\n<ul>\n<li><strong>wp-wpml_current_admin_language_d41d8cd98f00b204e9800998ecf8427e<\/strong><\/li>\n<\/ul>\n<\/li>\n<\/ul>\n<ul>\n<li style=\"list-style-type: none;\">\n<ul>\n<li><strong>wp-wpml_current_language<\/strong><br \/>\nCe cookie est utilis\u00e9 pour suivre la pr\u00e9f\u00e9rence linguistique de l&rsquo;utilisateur<br \/>\nCat\u00e9gorie : Fonctionnel.<br \/>\nDur\u00e9e : session.<br \/>\nPolitique de confidentialit\u00e9: N\/A<\/li>\n<\/ul>\n<\/li>\n<li><strong>wp_lang<\/strong><\/li>\n<\/ul>\n<\/div>\n<p>&nbsp;<\/p>\n<p>&nbsp;<\/p>\n","protected":false},"excerpt":{"rendered":"<p>Que sont les cookies? En anglais, le terme \u00ab\u00a0cookie\u00a0\u00bb signifie biscuit, mais dans le domaine de la navigation sur le Web, un \u00ab\u00a0cookie\u00a0\u00bb est tout autre chose. Lorsque vous acc\u00e9dez \u00e0 notre site Web, une petite quantit\u00e9 de texte appel\u00e9e \u00ab\u00a0cookie\u00a0\u00bb est stock\u00e9e sur le navigateur de votre appareil. Ce texte contient diverses informations sur [&hellip;]<\/p>\n","protected":false},"author":1,"featured_media":0,"parent":0,"menu_order":0,"comment_status":"closed","ping_status":"closed","template":"","meta":{"_et_pb_use_builder":"","_et_pb_old_content":"","_et_gb_content_width":"","_joinchat":[],"footnotes":""},"class_list":["post-1800","page","type-page","status-publish","hentry"],"yoast_head":"<!-- This site is optimized with the Yoast SEO plugin v27.3 - https:\/\/yoast.com\/product\/yoast-seo-wordpress\/ -->\n<title>Politique de Cookies - Massages et Ost\u00e9opathe Sitges<\/title>\n<meta name=\"robots\" content=\"index, follow, max-snippet:-1, max-image-preview:large, max-video-preview:-1\" \/>\n<link rel=\"canonical\" href=\"https:\/\/www.sergiosanchezosteo.com\/fr\/politique-de-cookies-2\/\" \/>\n<meta property=\"og:locale\" content=\"fr_FR\" \/>\n<meta property=\"og:type\" content=\"article\" \/>\n<meta property=\"og:title\" content=\"Politique de Cookies - Massages et Ost\u00e9opathe Sitges\" \/>\n<meta property=\"og:description\" content=\"Que sont les cookies? En anglais, le terme \u00ab\u00a0cookie\u00a0\u00bb signifie biscuit, mais dans le domaine de la navigation sur le Web, un \u00ab\u00a0cookie\u00a0\u00bb est tout autre chose. Lorsque vous acc\u00e9dez \u00e0 notre site Web, une petite quantit\u00e9 de texte appel\u00e9e \u00ab\u00a0cookie\u00a0\u00bb est stock\u00e9e sur le navigateur de votre appareil. Ce texte contient diverses informations sur [&hellip;]\" \/>\n<meta property=\"og:url\" content=\"https:\/\/www.sergiosanchezosteo.com\/fr\/politique-de-cookies-2\/\" \/>\n<meta property=\"og:site_name\" content=\"Massages et Ost\u00e9opathe Sitges\" \/>\n<meta property=\"article:publisher\" content=\"https:\/\/www.facebook.com\/osteopatiasergiosanchez\" \/>\n<meta property=\"article:modified_time\" content=\"2023-05-17T11:51:06+00:00\" \/>\n<meta property=\"og:image\" content=\"https:\/\/www.sergiosanchezosteo.com\/wp-content\/uploads\/2023\/02\/img_yoast.jpg\" \/>\n\t<meta property=\"og:image:width\" content=\"1200\" \/>\n\t<meta property=\"og:image:height\" content=\"675\" \/>\n\t<meta property=\"og:image:type\" content=\"image\/jpeg\" \/>\n<meta name=\"twitter:card\" content=\"summary_large_image\" \/>\n<meta name=\"twitter:label1\" content=\"Dur\u00e9e de lecture estim\u00e9e\" \/>\n\t<meta name=\"twitter:data1\" content=\"7 minutes\" \/>\n<script type=\"application\/ld+json\" class=\"yoast-schema-graph\">{\"@context\":\"https:\\\/\\\/schema.org\",\"@graph\":[{\"@type\":\"WebPage\",\"@id\":\"https:\\\/\\\/www.sergiosanchezosteo.com\\\/fr\\\/politique-de-cookies-2\\\/\",\"url\":\"https:\\\/\\\/www.sergiosanchezosteo.com\\\/fr\\\/politique-de-cookies-2\\\/\",\"name\":\"Politique de Cookies - Massages et Ost\u00e9opathe Sitges\",\"isPartOf\":{\"@id\":\"https:\\\/\\\/www.sergiosanchezosteo.com\\\/fr\\\/#website\"},\"datePublished\":\"2023-02-20T11:10:19+00:00\",\"dateModified\":\"2023-05-17T11:51:06+00:00\",\"breadcrumb\":{\"@id\":\"https:\\\/\\\/www.sergiosanchezosteo.com\\\/fr\\\/politique-de-cookies-2\\\/#breadcrumb\"},\"inLanguage\":\"fr-FR\",\"potentialAction\":[{\"@type\":\"ReadAction\",\"target\":[\"https:\\\/\\\/www.sergiosanchezosteo.com\\\/fr\\\/politique-de-cookies-2\\\/\"]}]},{\"@type\":\"BreadcrumbList\",\"@id\":\"https:\\\/\\\/www.sergiosanchezosteo.com\\\/fr\\\/politique-de-cookies-2\\\/#breadcrumb\",\"itemListElement\":[{\"@type\":\"ListItem\",\"position\":1,\"name\":\"Portada\",\"item\":\"https:\\\/\\\/www.sergiosanchezosteo.com\\\/fr\\\/accueil\\\/\"},{\"@type\":\"ListItem\",\"position\":2,\"name\":\"Politique de Cookies\"}]},{\"@type\":\"WebSite\",\"@id\":\"https:\\\/\\\/www.sergiosanchezosteo.com\\\/fr\\\/#website\",\"url\":\"https:\\\/\\\/www.sergiosanchezosteo.com\\\/fr\\\/\",\"name\":\"Massages et Ost\u00e9opathe Sitges\",\"description\":\"Sitges massage, Massages Sitges, Ost\u00e9opathe Sitges, Ost\u00e9opathie Sitges\",\"publisher\":{\"@id\":\"https:\\\/\\\/www.sergiosanchezosteo.com\\\/fr\\\/#\\\/schema\\\/person\\\/4ce56309060f1d0b708102aaacab596b\"},\"alternateName\":\"Osteopat\u00eda y Masajes\",\"potentialAction\":[{\"@type\":\"SearchAction\",\"target\":{\"@type\":\"EntryPoint\",\"urlTemplate\":\"https:\\\/\\\/www.sergiosanchezosteo.com\\\/fr\\\/?s={search_term_string}\"},\"query-input\":{\"@type\":\"PropertyValueSpecification\",\"valueRequired\":true,\"valueName\":\"search_term_string\"}}],\"inLanguage\":\"fr-FR\"},{\"@type\":[\"Person\",\"Organization\"],\"@id\":\"https:\\\/\\\/www.sergiosanchezosteo.com\\\/fr\\\/#\\\/schema\\\/person\\\/4ce56309060f1d0b708102aaacab596b\",\"name\":\"Sergio Sanchez\",\"image\":{\"@type\":\"ImageObject\",\"inLanguage\":\"fr-FR\",\"@id\":\"https:\\\/\\\/www.sergiosanchezosteo.com\\\/wp-content\\\/uploads\\\/2023\\\/01\\\/logo_400.jpg\",\"url\":\"https:\\\/\\\/www.sergiosanchezosteo.com\\\/wp-content\\\/uploads\\\/2023\\\/01\\\/logo_400.jpg\",\"contentUrl\":\"https:\\\/\\\/www.sergiosanchezosteo.com\\\/wp-content\\\/uploads\\\/2023\\\/01\\\/logo_400.jpg\",\"width\":400,\"height\":128,\"caption\":\"Sergio Sanchez\"},\"logo\":{\"@id\":\"https:\\\/\\\/www.sergiosanchezosteo.com\\\/wp-content\\\/uploads\\\/2023\\\/01\\\/logo_400.jpg\"},\"sameAs\":[\"https:\\\/\\\/www.facebook.com\\\/osteopatiasergiosanchez\",\"https:\\\/\\\/www.instagram.com\\\/sergiosanchez.osteopata\\\/\"]}]}<\/script>\n<!-- \/ Yoast SEO plugin. -->","yoast_head_json":{"title":"Politique de Cookies - Massages et Ost\u00e9opathe Sitges","robots":{"index":"index","follow":"follow","max-snippet":"max-snippet:-1","max-image-preview":"max-image-preview:large","max-video-preview":"max-video-preview:-1"},"canonical":"https:\/\/www.sergiosanchezosteo.com\/fr\/politique-de-cookies-2\/","og_locale":"fr_FR","og_type":"article","og_title":"Politique de Cookies - Massages et Ost\u00e9opathe Sitges","og_description":"Que sont les cookies? En anglais, le terme \u00ab\u00a0cookie\u00a0\u00bb signifie biscuit, mais dans le domaine de la navigation sur le Web, un \u00ab\u00a0cookie\u00a0\u00bb est tout autre chose. Lorsque vous acc\u00e9dez \u00e0 notre site Web, une petite quantit\u00e9 de texte appel\u00e9e \u00ab\u00a0cookie\u00a0\u00bb est stock\u00e9e sur le navigateur de votre appareil. Ce texte contient diverses informations sur [&hellip;]","og_url":"https:\/\/www.sergiosanchezosteo.com\/fr\/politique-de-cookies-2\/","og_site_name":"Massages et Ost\u00e9opathe Sitges","article_publisher":"https:\/\/www.facebook.com\/osteopatiasergiosanchez","article_modified_time":"2023-05-17T11:51:06+00:00","og_image":[{"width":1200,"height":675,"url":"https:\/\/www.sergiosanchezosteo.com\/wp-content\/uploads\/2023\/02\/img_yoast.jpg","type":"image\/jpeg"}],"twitter_card":"summary_large_image","twitter_misc":{"Dur\u00e9e de lecture estim\u00e9e":"7 minutes"},"schema":{"@context":"https:\/\/schema.org","@graph":[{"@type":"WebPage","@id":"https:\/\/www.sergiosanchezosteo.com\/fr\/politique-de-cookies-2\/","url":"https:\/\/www.sergiosanchezosteo.com\/fr\/politique-de-cookies-2\/","name":"Politique de Cookies - Massages et Ost\u00e9opathe Sitges","isPartOf":{"@id":"https:\/\/www.sergiosanchezosteo.com\/fr\/#website"},"datePublished":"2023-02-20T11:10:19+00:00","dateModified":"2023-05-17T11:51:06+00:00","breadcrumb":{"@id":"https:\/\/www.sergiosanchezosteo.com\/fr\/politique-de-cookies-2\/#breadcrumb"},"inLanguage":"fr-FR","potentialAction":[{"@type":"ReadAction","target":["https:\/\/www.sergiosanchezosteo.com\/fr\/politique-de-cookies-2\/"]}]},{"@type":"BreadcrumbList","@id":"https:\/\/www.sergiosanchezosteo.com\/fr\/politique-de-cookies-2\/#breadcrumb","itemListElement":[{"@type":"ListItem","position":1,"name":"Portada","item":"https:\/\/www.sergiosanchezosteo.com\/fr\/accueil\/"},{"@type":"ListItem","position":2,"name":"Politique de Cookies"}]},{"@type":"WebSite","@id":"https:\/\/www.sergiosanchezosteo.com\/fr\/#website","url":"https:\/\/www.sergiosanchezosteo.com\/fr\/","name":"Massages et Ost\u00e9opathe Sitges","description":"Sitges massage, Massages Sitges, Ost\u00e9opathe Sitges, Ost\u00e9opathie Sitges","publisher":{"@id":"https:\/\/www.sergiosanchezosteo.com\/fr\/#\/schema\/person\/4ce56309060f1d0b708102aaacab596b"},"alternateName":"Osteopat\u00eda y Masajes","potentialAction":[{"@type":"SearchAction","target":{"@type":"EntryPoint","urlTemplate":"https:\/\/www.sergiosanchezosteo.com\/fr\/?s={search_term_string}"},"query-input":{"@type":"PropertyValueSpecification","valueRequired":true,"valueName":"search_term_string"}}],"inLanguage":"fr-FR"},{"@type":["Person","Organization"],"@id":"https:\/\/www.sergiosanchezosteo.com\/fr\/#\/schema\/person\/4ce56309060f1d0b708102aaacab596b","name":"Sergio Sanchez","image":{"@type":"ImageObject","inLanguage":"fr-FR","@id":"https:\/\/www.sergiosanchezosteo.com\/wp-content\/uploads\/2023\/01\/logo_400.jpg","url":"https:\/\/www.sergiosanchezosteo.com\/wp-content\/uploads\/2023\/01\/logo_400.jpg","contentUrl":"https:\/\/www.sergiosanchezosteo.com\/wp-content\/uploads\/2023\/01\/logo_400.jpg","width":400,"height":128,"caption":"Sergio Sanchez"},"logo":{"@id":"https:\/\/www.sergiosanchezosteo.com\/wp-content\/uploads\/2023\/01\/logo_400.jpg"},"sameAs":["https:\/\/www.facebook.com\/osteopatiasergiosanchez","https:\/\/www.instagram.com\/sergiosanchez.osteopata\/"]}]}},"_links":{"self":[{"href":"https:\/\/www.sergiosanchezosteo.com\/fr\/wp-json\/wp\/v2\/pages\/1800","targetHints":{"allow":["GET"]}}],"collection":[{"href":"https:\/\/www.sergiosanchezosteo.com\/fr\/wp-json\/wp\/v2\/pages"}],"about":[{"href":"https:\/\/www.sergiosanchezosteo.com\/fr\/wp-json\/wp\/v2\/types\/page"}],"author":[{"embeddable":true,"href":"https:\/\/www.sergiosanchezosteo.com\/fr\/wp-json\/wp\/v2\/users\/1"}],"replies":[{"embeddable":true,"href":"https:\/\/www.sergiosanchezosteo.com\/fr\/wp-json\/wp\/v2\/comments?post=1800"}],"version-history":[{"count":2,"href":"https:\/\/www.sergiosanchezosteo.com\/fr\/wp-json\/wp\/v2\/pages\/1800\/revisions"}],"predecessor-version":[{"id":2538,"href":"https:\/\/www.sergiosanchezosteo.com\/fr\/wp-json\/wp\/v2\/pages\/1800\/revisions\/2538"}],"wp:attachment":[{"href":"https:\/\/www.sergiosanchezosteo.com\/fr\/wp-json\/wp\/v2\/media?parent=1800"}],"curies":[{"name":"wp","href":"https:\/\/api.w.org\/{rel}","templated":true}]}}