{"id":2463,"date":"2023-03-23T17:45:46","date_gmt":"2023-03-23T16:45:46","guid":{"rendered":"https:\/\/www.sergiosanchezosteo.com\/declaracion-de-accesibilidad\/"},"modified":"2023-03-23T19:42:01","modified_gmt":"2023-03-23T18:42:01","slug":"declaration-daccessibilite","status":"publish","type":"page","link":"https:\/\/www.sergiosanchezosteo.com\/fr\/declaration-daccessibilite\/","title":{"rendered":"D\u00e9claration d&rsquo;accessibilit\u00e9"},"content":{"rendered":"<p><strong>Sergio S\u00e1nchez<\/strong> s&rsquo;est engag\u00e9 \u00e0 rendre son site Web accessible conform\u00e9ment au d\u00e9cret royal 1112\/2018 du 7 septembre relatif \u00e0 l&rsquo;accessibilit\u00e9 des sites Web et des applications pour appareils mobiles du secteur public.<\/p>\n<p>Options d&rsquo;accessibilit\u00e9 disponibles dans le menu d\u00e9roulant en haut du c\u00f4t\u00e9 gauche du Web\u00a0:<\/p>\n<p><img loading=\"lazy\" decoding=\"async\" class=\"aligncenter wp-image-2481 size-full\" src=\"https:\/\/www.sergiosanchezosteo.com\/wp-content\/uploads\/2023\/03\/accessibilite.jpg\" alt=\"Accessibilit\u00e9...\" width=\"245\" height=\"454\" srcset=\"https:\/\/www.sergiosanchezosteo.com\/wp-content\/uploads\/2023\/03\/accessibilite.jpg 245w, https:\/\/www.sergiosanchezosteo.com\/wp-content\/uploads\/2023\/03\/accessibilite-162x300.jpg 162w\" sizes=\"auto, (max-width: 245px) 100vw, 245px\" \/><\/p>\n<p>Cette d\u00e9claration d&rsquo;accessibilit\u00e9 s&rsquo;applique au site Web <a href=\"https:\/\/www.sergiosanchezosteo.com\/fr\/\">https:\/\/www.sergiosanchezosteo.com\/<\/a><\/p>\n<p><strong>\u00c9tat de conformit\u00e9<\/strong><br \/>\nCe site Web est partiellement conforme au RD 1112\/2018 en raison des exceptions et du d\u00e9faut de conformit\u00e9 des aspects indiqu\u00e9s ci-dessous.<\/p>\n<p><strong>Contenu non accessible<\/strong><br \/>\nLe contenu r\u00e9pertori\u00e9 ci-dessous n&rsquo;est pas accessible pour les raisons suivantes\u00a0:<\/p>\n<p><strong>Non-respect du RD 1112\/2018<\/strong><\/p>\n<ul>\n<li>Certains \u00e9l\u00e9ments ne sont pas accessibles au clavier.<\/li>\n<li>Il y a des \u00e9l\u00e9ments qui ne re\u00e7oivent pas le focus.<\/li>\n<li>Il existe des champs de formulaire dans lesquels une erreur est signal\u00e9e lorsqu&rsquo;une valeur incorrecte est saisie mais qu&rsquo;une suggestion de correction n&rsquo;est pas signal\u00e9e.<\/li>\n<li>Il existe des pages dans lesquelles les produits de support ne pourront pas obtenir d&rsquo;informations, interagir et conna\u00eetre l&rsquo;\u00e9tat des contr\u00f4les de l&rsquo;interface utilisateur, tels que les messages d&rsquo;aide, les messages d&rsquo;\u00e9tat des r\u00e9sultats d&rsquo;action, les attributs de lien, l&rsquo;image de langue de la page\u2026 qui ne peuvent pas \u00eatre lus par lecteurs d&rsquo;\u00e9cran au moment o\u00f9 ils apparaissent.<\/li>\n<li>Il peut y avoir des erreurs d&rsquo;\u00e9dition occasionnelles sur certaines pages Web.<\/li>\n<\/ul>\n<p><strong>Pr\u00e9paration de cette d\u00e9claration d&rsquo;accessibilit\u00e9<\/strong><br \/>\nCette d\u00e9claration a \u00e9t\u00e9 pr\u00e9par\u00e9e le 9 mars 2023.<br \/>\nLa m\u00e9thode utilis\u00e9e pour pr\u00e9parer la d\u00e9claration a \u00e9t\u00e9 une auto-\u00e9valuation.<\/p>\n<p><strong>Observations et coordonn\u00e9es<\/strong><br \/>\nVous pouvez faire des communications sur les exigences d&rsquo;accessibilit\u00e9 (article 10.2.a) du RD 1112\/2018) telles que\u00a0:<\/p>\n<ul>\n<li>Signaler toute violation possible par ce site Web<\/li>\n<li>Transmettre d&rsquo;autres difficult\u00e9s d&rsquo;acc\u00e8s au contenu<\/li>\n<li>Formuler toute autre requ\u00eate ou suggestion d&rsquo;am\u00e9lioration li\u00e9e \u00e0 l&rsquo;accessibilit\u00e9 du site<\/li>\n<\/ul>\n<p>Par la poste<a href=\"mailto:info@sergiosanchezosteo.com\"> info@sergiosanchezosteo.com<\/a><\/p>\n<p><strong>Contenu facultatif<\/strong><br \/>\nCe site Web applique les exigences de la norme UNE-EN 301549:2022 compte tenu des exceptions du RD 1112\/2018.<br \/>\nLe dernier examen d&rsquo;accessibilit\u00e9 a \u00e9t\u00e9 r\u00e9alis\u00e9 en mars 2023.<br \/>\nLe site Web est optimis\u00e9 pour les navigateurs Microsoft Internet Explorer 8.0 ou sup\u00e9rieur et les derni\u00e8res versions de FireFox, Safari, Opera et Google Chrome.<br \/>\nLa r\u00e9solution Web minimale recommand\u00e9e est de 1280 \u00d7 1024.<br \/>\nLe site Web est con\u00e7u pour une visualisation r\u00e9active, qui s&rsquo;affiche de mani\u00e8re optimale sur les tablettes et les appareils mobiles. Sur ces appareils, il est optimis\u00e9 pour \u00eatre affich\u00e9 dans les derni\u00e8res versions actuelles de Chrome pour mobile, Firefox pour mobile, Safari mobile, Opera Mini et le navigateur Android natif.<\/p>\n<p>&nbsp;<\/p>\n<p>&nbsp;<\/p>\n","protected":false},"excerpt":{"rendered":"<p>Sergio S\u00e1nchez s&rsquo;est engag\u00e9 \u00e0 rendre son site Web accessible conform\u00e9ment au d\u00e9cret royal 1112\/2018 du 7 septembre relatif \u00e0 l&rsquo;accessibilit\u00e9 des sites Web et des applications pour appareils mobiles du secteur public. Options d&rsquo;accessibilit\u00e9 disponibles dans le menu d\u00e9roulant en haut du c\u00f4t\u00e9 gauche du Web\u00a0: Cette d\u00e9claration d&rsquo;accessibilit\u00e9 s&rsquo;applique au site Web https:\/\/www.sergiosanchezosteo.com\/ [&hellip;]<\/p>\n","protected":false},"author":1,"featured_media":0,"parent":0,"menu_order":0,"comment_status":"closed","ping_status":"closed","template":"","meta":{"_et_pb_use_builder":"","_et_pb_old_content":"","_et_gb_content_width":"","_joinchat":[],"footnotes":""},"class_list":["post-2463","page","type-page","status-publish","hentry"],"yoast_head":"<!-- This site is optimized with the Yoast SEO plugin v27.3 - https:\/\/yoast.com\/product\/yoast-seo-wordpress\/ -->\n<title>D\u00e9claration d&#039;accessibilit\u00e9 - Massages et Ost\u00e9opathe Sitges<\/title>\n<meta name=\"robots\" content=\"index, follow, max-snippet:-1, max-image-preview:large, max-video-preview:-1\" \/>\n<link rel=\"canonical\" href=\"https:\/\/www.sergiosanchezosteo.com\/fr\/declaration-daccessibilite\/\" \/>\n<meta property=\"og:locale\" content=\"fr_FR\" \/>\n<meta property=\"og:type\" content=\"article\" \/>\n<meta property=\"og:title\" content=\"D\u00e9claration d&#039;accessibilit\u00e9 - Massages et Ost\u00e9opathe Sitges\" \/>\n<meta property=\"og:description\" content=\"Sergio S\u00e1nchez s&rsquo;est engag\u00e9 \u00e0 rendre son site Web accessible conform\u00e9ment au d\u00e9cret royal 1112\/2018 du 7 septembre relatif \u00e0 l&rsquo;accessibilit\u00e9 des sites Web et des applications pour appareils mobiles du secteur public. Options d&rsquo;accessibilit\u00e9 disponibles dans le menu d\u00e9roulant en haut du c\u00f4t\u00e9 gauche du Web\u00a0: Cette d\u00e9claration d&rsquo;accessibilit\u00e9 s&rsquo;applique au site Web https:\/\/www.sergiosanchezosteo.com\/ [&hellip;]\" \/>\n<meta property=\"og:url\" content=\"https:\/\/www.sergiosanchezosteo.com\/fr\/declaration-daccessibilite\/\" \/>\n<meta property=\"og:site_name\" content=\"Massages et Ost\u00e9opathe Sitges\" \/>\n<meta property=\"article:publisher\" content=\"https:\/\/www.facebook.com\/osteopatiasergiosanchez\" \/>\n<meta property=\"article:modified_time\" content=\"2023-03-23T18:42:01+00:00\" \/>\n<meta property=\"og:image\" content=\"https:\/\/www.sergiosanchezosteo.com\/wp-content\/uploads\/2023\/03\/accessibilite.jpg\" \/>\n<meta name=\"twitter:card\" content=\"summary_large_image\" \/>\n<meta name=\"twitter:label1\" content=\"Dur\u00e9e de lecture estim\u00e9e\" \/>\n\t<meta name=\"twitter:data1\" content=\"3 minutes\" \/>\n<script type=\"application\/ld+json\" class=\"yoast-schema-graph\">{\"@context\":\"https:\\\/\\\/schema.org\",\"@graph\":[{\"@type\":\"WebPage\",\"@id\":\"https:\\\/\\\/www.sergiosanchezosteo.com\\\/fr\\\/declaration-daccessibilite\\\/\",\"url\":\"https:\\\/\\\/www.sergiosanchezosteo.com\\\/fr\\\/declaration-daccessibilite\\\/\",\"name\":\"D\u00e9claration d'accessibilit\u00e9 - Massages et Ost\u00e9opathe Sitges\",\"isPartOf\":{\"@id\":\"https:\\\/\\\/www.sergiosanchezosteo.com\\\/fr\\\/#website\"},\"primaryImageOfPage\":{\"@id\":\"https:\\\/\\\/www.sergiosanchezosteo.com\\\/fr\\\/declaration-daccessibilite\\\/#primaryimage\"},\"image\":{\"@id\":\"https:\\\/\\\/www.sergiosanchezosteo.com\\\/fr\\\/declaration-daccessibilite\\\/#primaryimage\"},\"thumbnailUrl\":\"https:\\\/\\\/www.sergiosanchezosteo.com\\\/wp-content\\\/uploads\\\/2023\\\/03\\\/accessibilite.jpg\",\"datePublished\":\"2023-03-23T16:45:46+00:00\",\"dateModified\":\"2023-03-23T18:42:01+00:00\",\"breadcrumb\":{\"@id\":\"https:\\\/\\\/www.sergiosanchezosteo.com\\\/fr\\\/declaration-daccessibilite\\\/#breadcrumb\"},\"inLanguage\":\"fr-FR\",\"potentialAction\":[{\"@type\":\"ReadAction\",\"target\":[\"https:\\\/\\\/www.sergiosanchezosteo.com\\\/fr\\\/declaration-daccessibilite\\\/\"]}]},{\"@type\":\"ImageObject\",\"inLanguage\":\"fr-FR\",\"@id\":\"https:\\\/\\\/www.sergiosanchezosteo.com\\\/fr\\\/declaration-daccessibilite\\\/#primaryimage\",\"url\":\"https:\\\/\\\/www.sergiosanchezosteo.com\\\/wp-content\\\/uploads\\\/2023\\\/03\\\/accessibilite.jpg\",\"contentUrl\":\"https:\\\/\\\/www.sergiosanchezosteo.com\\\/wp-content\\\/uploads\\\/2023\\\/03\\\/accessibilite.jpg\"},{\"@type\":\"BreadcrumbList\",\"@id\":\"https:\\\/\\\/www.sergiosanchezosteo.com\\\/fr\\\/declaration-daccessibilite\\\/#breadcrumb\",\"itemListElement\":[{\"@type\":\"ListItem\",\"position\":1,\"name\":\"Portada\",\"item\":\"https:\\\/\\\/www.sergiosanchezosteo.com\\\/fr\\\/accueil\\\/\"},{\"@type\":\"ListItem\",\"position\":2,\"name\":\"D\u00e9claration d&#8217;accessibilit\u00e9\"}]},{\"@type\":\"WebSite\",\"@id\":\"https:\\\/\\\/www.sergiosanchezosteo.com\\\/fr\\\/#website\",\"url\":\"https:\\\/\\\/www.sergiosanchezosteo.com\\\/fr\\\/\",\"name\":\"Massages et Ost\u00e9opathe Sitges\",\"description\":\"Sitges massage, Massages Sitges, Ost\u00e9opathe Sitges, Ost\u00e9opathie Sitges\",\"publisher\":{\"@id\":\"https:\\\/\\\/www.sergiosanchezosteo.com\\\/fr\\\/#\\\/schema\\\/person\\\/4ce56309060f1d0b708102aaacab596b\"},\"alternateName\":\"Osteopat\u00eda y Masajes\",\"potentialAction\":[{\"@type\":\"SearchAction\",\"target\":{\"@type\":\"EntryPoint\",\"urlTemplate\":\"https:\\\/\\\/www.sergiosanchezosteo.com\\\/fr\\\/?s={search_term_string}\"},\"query-input\":{\"@type\":\"PropertyValueSpecification\",\"valueRequired\":true,\"valueName\":\"search_term_string\"}}],\"inLanguage\":\"fr-FR\"},{\"@type\":[\"Person\",\"Organization\"],\"@id\":\"https:\\\/\\\/www.sergiosanchezosteo.com\\\/fr\\\/#\\\/schema\\\/person\\\/4ce56309060f1d0b708102aaacab596b\",\"name\":\"Sergio Sanchez\",\"image\":{\"@type\":\"ImageObject\",\"inLanguage\":\"fr-FR\",\"@id\":\"https:\\\/\\\/www.sergiosanchezosteo.com\\\/wp-content\\\/uploads\\\/2023\\\/01\\\/logo_400.jpg\",\"url\":\"https:\\\/\\\/www.sergiosanchezosteo.com\\\/wp-content\\\/uploads\\\/2023\\\/01\\\/logo_400.jpg\",\"contentUrl\":\"https:\\\/\\\/www.sergiosanchezosteo.com\\\/wp-content\\\/uploads\\\/2023\\\/01\\\/logo_400.jpg\",\"width\":400,\"height\":128,\"caption\":\"Sergio Sanchez\"},\"logo\":{\"@id\":\"https:\\\/\\\/www.sergiosanchezosteo.com\\\/wp-content\\\/uploads\\\/2023\\\/01\\\/logo_400.jpg\"},\"sameAs\":[\"https:\\\/\\\/www.facebook.com\\\/osteopatiasergiosanchez\",\"https:\\\/\\\/www.instagram.com\\\/sergiosanchez.osteopata\\\/\"]}]}<\/script>\n<!-- \/ Yoast SEO plugin. -->","yoast_head_json":{"title":"D\u00e9claration d'accessibilit\u00e9 - Massages et Ost\u00e9opathe Sitges","robots":{"index":"index","follow":"follow","max-snippet":"max-snippet:-1","max-image-preview":"max-image-preview:large","max-video-preview":"max-video-preview:-1"},"canonical":"https:\/\/www.sergiosanchezosteo.com\/fr\/declaration-daccessibilite\/","og_locale":"fr_FR","og_type":"article","og_title":"D\u00e9claration d'accessibilit\u00e9 - Massages et Ost\u00e9opathe Sitges","og_description":"Sergio S\u00e1nchez s&rsquo;est engag\u00e9 \u00e0 rendre son site Web accessible conform\u00e9ment au d\u00e9cret royal 1112\/2018 du 7 septembre relatif \u00e0 l&rsquo;accessibilit\u00e9 des sites Web et des applications pour appareils mobiles du secteur public. Options d&rsquo;accessibilit\u00e9 disponibles dans le menu d\u00e9roulant en haut du c\u00f4t\u00e9 gauche du Web\u00a0: Cette d\u00e9claration d&rsquo;accessibilit\u00e9 s&rsquo;applique au site Web https:\/\/www.sergiosanchezosteo.com\/ [&hellip;]","og_url":"https:\/\/www.sergiosanchezosteo.com\/fr\/declaration-daccessibilite\/","og_site_name":"Massages et Ost\u00e9opathe Sitges","article_publisher":"https:\/\/www.facebook.com\/osteopatiasergiosanchez","article_modified_time":"2023-03-23T18:42:01+00:00","og_image":[{"url":"https:\/\/www.sergiosanchezosteo.com\/wp-content\/uploads\/2023\/03\/accessibilite.jpg","type":"","width":"","height":""}],"twitter_card":"summary_large_image","twitter_misc":{"Dur\u00e9e de lecture estim\u00e9e":"3 minutes"},"schema":{"@context":"https:\/\/schema.org","@graph":[{"@type":"WebPage","@id":"https:\/\/www.sergiosanchezosteo.com\/fr\/declaration-daccessibilite\/","url":"https:\/\/www.sergiosanchezosteo.com\/fr\/declaration-daccessibilite\/","name":"D\u00e9claration d'accessibilit\u00e9 - Massages et Ost\u00e9opathe Sitges","isPartOf":{"@id":"https:\/\/www.sergiosanchezosteo.com\/fr\/#website"},"primaryImageOfPage":{"@id":"https:\/\/www.sergiosanchezosteo.com\/fr\/declaration-daccessibilite\/#primaryimage"},"image":{"@id":"https:\/\/www.sergiosanchezosteo.com\/fr\/declaration-daccessibilite\/#primaryimage"},"thumbnailUrl":"https:\/\/www.sergiosanchezosteo.com\/wp-content\/uploads\/2023\/03\/accessibilite.jpg","datePublished":"2023-03-23T16:45:46+00:00","dateModified":"2023-03-23T18:42:01+00:00","breadcrumb":{"@id":"https:\/\/www.sergiosanchezosteo.com\/fr\/declaration-daccessibilite\/#breadcrumb"},"inLanguage":"fr-FR","potentialAction":[{"@type":"ReadAction","target":["https:\/\/www.sergiosanchezosteo.com\/fr\/declaration-daccessibilite\/"]}]},{"@type":"ImageObject","inLanguage":"fr-FR","@id":"https:\/\/www.sergiosanchezosteo.com\/fr\/declaration-daccessibilite\/#primaryimage","url":"https:\/\/www.sergiosanchezosteo.com\/wp-content\/uploads\/2023\/03\/accessibilite.jpg","contentUrl":"https:\/\/www.sergiosanchezosteo.com\/wp-content\/uploads\/2023\/03\/accessibilite.jpg"},{"@type":"BreadcrumbList","@id":"https:\/\/www.sergiosanchezosteo.com\/fr\/declaration-daccessibilite\/#breadcrumb","itemListElement":[{"@type":"ListItem","position":1,"name":"Portada","item":"https:\/\/www.sergiosanchezosteo.com\/fr\/accueil\/"},{"@type":"ListItem","position":2,"name":"D\u00e9claration d&#8217;accessibilit\u00e9"}]},{"@type":"WebSite","@id":"https:\/\/www.sergiosanchezosteo.com\/fr\/#website","url":"https:\/\/www.sergiosanchezosteo.com\/fr\/","name":"Massages et Ost\u00e9opathe Sitges","description":"Sitges massage, Massages Sitges, Ost\u00e9opathe Sitges, Ost\u00e9opathie Sitges","publisher":{"@id":"https:\/\/www.sergiosanchezosteo.com\/fr\/#\/schema\/person\/4ce56309060f1d0b708102aaacab596b"},"alternateName":"Osteopat\u00eda y Masajes","potentialAction":[{"@type":"SearchAction","target":{"@type":"EntryPoint","urlTemplate":"https:\/\/www.sergiosanchezosteo.com\/fr\/?s={search_term_string}"},"query-input":{"@type":"PropertyValueSpecification","valueRequired":true,"valueName":"search_term_string"}}],"inLanguage":"fr-FR"},{"@type":["Person","Organization"],"@id":"https:\/\/www.sergiosanchezosteo.com\/fr\/#\/schema\/person\/4ce56309060f1d0b708102aaacab596b","name":"Sergio Sanchez","image":{"@type":"ImageObject","inLanguage":"fr-FR","@id":"https:\/\/www.sergiosanchezosteo.com\/wp-content\/uploads\/2023\/01\/logo_400.jpg","url":"https:\/\/www.sergiosanchezosteo.com\/wp-content\/uploads\/2023\/01\/logo_400.jpg","contentUrl":"https:\/\/www.sergiosanchezosteo.com\/wp-content\/uploads\/2023\/01\/logo_400.jpg","width":400,"height":128,"caption":"Sergio Sanchez"},"logo":{"@id":"https:\/\/www.sergiosanchezosteo.com\/wp-content\/uploads\/2023\/01\/logo_400.jpg"},"sameAs":["https:\/\/www.facebook.com\/osteopatiasergiosanchez","https:\/\/www.instagram.com\/sergiosanchez.osteopata\/"]}]}},"_links":{"self":[{"href":"https:\/\/www.sergiosanchezosteo.com\/fr\/wp-json\/wp\/v2\/pages\/2463","targetHints":{"allow":["GET"]}}],"collection":[{"href":"https:\/\/www.sergiosanchezosteo.com\/fr\/wp-json\/wp\/v2\/pages"}],"about":[{"href":"https:\/\/www.sergiosanchezosteo.com\/fr\/wp-json\/wp\/v2\/types\/page"}],"author":[{"embeddable":true,"href":"https:\/\/www.sergiosanchezosteo.com\/fr\/wp-json\/wp\/v2\/users\/1"}],"replies":[{"embeddable":true,"href":"https:\/\/www.sergiosanchezosteo.com\/fr\/wp-json\/wp\/v2\/comments?post=2463"}],"version-history":[{"count":7,"href":"https:\/\/www.sergiosanchezosteo.com\/fr\/wp-json\/wp\/v2\/pages\/2463\/revisions"}],"predecessor-version":[{"id":2485,"href":"https:\/\/www.sergiosanchezosteo.com\/fr\/wp-json\/wp\/v2\/pages\/2463\/revisions\/2485"}],"wp:attachment":[{"href":"https:\/\/www.sergiosanchezosteo.com\/fr\/wp-json\/wp\/v2\/media?parent=2463"}],"curies":[{"name":"wp","href":"https:\/\/api.w.org\/{rel}","templated":true}]}}